{"id":760,"date":"2021-12-24T10:12:56","date_gmt":"2021-12-24T10:12:56","guid":{"rendered":"https:\/\/demosites.royal-elementor-addons.com\/wedding-v1\/?page_id=760"},"modified":"2025-09-01T15:44:59","modified_gmt":"2025-09-01T15:44:59","slug":"catalogo","status":"publish","type":"page","link":"https:\/\/joyeriapaquillo.com\/en\/catalogo\/","title":{"rendered":"Cat\u00e1logo"},"content":{"rendered":"<div data-elementor-type=\"wp-page\" data-elementor-id=\"760\" class=\"elementor elementor-760\">\n\t\t\t\t\t\t<section class=\"elementor-section elementor-top-section elementor-element elementor-element-657cdc2 elementor-section-full_width elementor-section-height-min-height elementor-section-height-default elementor-section-items-middle wpr-particle-no wpr-jarallax-no wpr-parallax-no wpr-sticky-section-no\" data-id=\"657cdc2\" data-element_type=\"section\" data-settings=\"{&quot;background_background&quot;:&quot;classic&quot;}\">\n\t\t\t\t\t\t\t<div class=\"elementor-background-overlay\"><\/div>\n\t\t\t\t\t\t\t<div class=\"elementor-container elementor-column-gap-no\">\n\t\t\t\t\t<div class=\"elementor-column elementor-col-100 elementor-top-column elementor-element elementor-element-c41a6b2\" data-id=\"c41a6b2\" data-element_type=\"column\">\n\t\t\t<div class=\"elementor-widget-wrap elementor-element-populated\">\n\t\t\t\t\t\t<div class=\"elementor-element elementor-element-ae38701 elementor-widget elementor-widget-heading\" data-id=\"ae38701\" data-element_type=\"widget\" data-widget_type=\"heading.default\">\n\t\t\t\t\t<h1 class=\"elementor-heading-title elementor-size-default\">Cat\u00e1logo<\/h1>\t\t\t\t<\/div>\n\t\t\t\t\t<\/div>\n\t\t<\/div>\n\t\t\t\t\t<\/div>\n\t\t<\/section>\n\t\t<div class=\"elementor-element elementor-element-84f4e92 e-flex e-con-boxed wpr-particle-no wpr-jarallax-no wpr-parallax-no wpr-sticky-section-no e-con e-parent\" data-id=\"84f4e92\" data-element_type=\"container\" data-settings=\"{&quot;background_background&quot;:&quot;classic&quot;}\">\n\t\t\t\t\t<div class=\"e-con-inner\">\n\t\t<div class=\"elementor-element elementor-element-e057825 e-con-full e-flex wpr-particle-no wpr-jarallax-no wpr-parallax-no wpr-sticky-section-no e-con e-child\" data-id=\"e057825\" data-element_type=\"container\">\n\t\t\t\t<div class=\"elementor-element elementor-element-f85919c elementor-widget elementor-widget-image\" data-id=\"f85919c\" data-element_type=\"widget\" data-widget_type=\"image.default\">\n\t\t\t\t\t\t\t\t\t\t\t\t\t\t\t<img fetchpriority=\"high\" decoding=\"async\" width=\"675\" height=\"1024\" src=\"https:\/\/joyeriapaquillo.com\/wp-content\/uploads\/2025\/09\/tissot-675x1024.jpg\" class=\"attachment-large size-large wp-image-1080\" alt=\"\" srcset=\"https:\/\/joyeriapaquillo.com\/wp-content\/uploads\/2025\/09\/tissot-675x1024.jpg 675w, https:\/\/joyeriapaquillo.com\/wp-content\/uploads\/2025\/09\/tissot-198x300.jpg 198w, https:\/\/joyeriapaquillo.com\/wp-content\/uploads\/2025\/09\/tissot-768x1165.jpg 768w, https:\/\/joyeriapaquillo.com\/wp-content\/uploads\/2025\/09\/tissot.jpg 923w\" sizes=\"(max-width: 675px) 100vw, 675px\" \/>\t\t\t\t\t\t\t\t\t\t\t\t\t\t\t<\/div>\n\t\t\t\t<\/div>\n\t\t<div class=\"elementor-element elementor-element-2957ef8 e-con-full e-flex wpr-particle-no wpr-jarallax-no wpr-parallax-no wpr-sticky-section-no e-con e-child\" data-id=\"2957ef8\" data-element_type=\"container\">\n\t\t\t\t<div class=\"elementor-element elementor-element-8320a76 elementor-widget elementor-widget-menu-anchor\" data-id=\"8320a76\" data-element_type=\"widget\" data-widget_type=\"menu-anchor.default\">\n\t\t\t\t\t\t\t<div class=\"elementor-menu-anchor\" id=\"relojeria\"><\/div>\n\t\t\t\t\t\t<\/div>\n\t\t\t\t<div class=\"elementor-element elementor-element-adfc94c elementor-widget elementor-widget-heading\" data-id=\"adfc94c\" data-element_type=\"widget\" data-widget_type=\"heading.default\">\n\t\t\t\t\t<h2 class=\"elementor-heading-title elementor-size-default\">Relojer\u00eda<\/h2>\t\t\t\t<\/div>\n\t\t\t\t<div class=\"elementor-element elementor-element-cd1c9b4 elementor-widget elementor-widget-text-editor\" data-id=\"cd1c9b4\" data-element_type=\"widget\" data-widget_type=\"text-editor.default\">\n\t\t\t\t\t\t\t\t\t<p>En Relojer\u00eda Paquillo encontrar\u00e1s una cuidada selecci\u00f3n de relojes que combinan precisi\u00f3n, dise\u00f1o y estilo. Trabajamos con las marcas m\u00e1s prestigiosas del mercado, para que siempre lleves en tu mu\u00f1eca un reloj que hable de ti.<\/p><p>En nuestra tienda <strong>encontrar\u00e1s relojes para hombre, mujer y juvenil<\/strong>, con opciones <strong>cl\u00e1sicas, deportivas, de moda<\/strong> y autom\u00e1ticas. Todos con garant\u00eda oficial y el respaldo de un servicio especializado.<\/p>\t\t\t\t\t\t\t\t<\/div>\n\t\t<div class=\"elementor-element elementor-element-05dd879 e-grid e-con-full wpr-particle-no wpr-jarallax-no wpr-parallax-no wpr-sticky-section-no e-con e-child\" data-id=\"05dd879\" data-element_type=\"container\">\n\t\t\t\t<div class=\"elementor-element elementor-element-90b7dfb elementor-widget elementor-widget-image\" data-id=\"90b7dfb\" data-element_type=\"widget\" data-widget_type=\"image.default\">\n\t\t\t\t\t\t\t\t\t\t\t\t\t\t\t<img decoding=\"async\" width=\"250\" height=\"150\" src=\"https:\/\/joyeriapaquillo.com\/wp-content\/uploads\/2025\/09\/tissot.png\" class=\"attachment-large size-large wp-image-998\" alt=\"\" \/>\t\t\t\t\t\t\t\t\t\t\t\t\t\t\t<\/div>\n\t\t\t\t<div class=\"elementor-element elementor-element-4f96651 elementor-widget elementor-widget-image\" data-id=\"4f96651\" data-element_type=\"widget\" data-widget_type=\"image.default\">\n\t\t\t\t\t\t\t\t\t\t\t\t\t\t\t<img decoding=\"async\" width=\"250\" height=\"150\" src=\"https:\/\/joyeriapaquillo.com\/wp-content\/uploads\/2025\/09\/lotus.png\" class=\"attachment-large size-large wp-image-996\" alt=\"\" \/>\t\t\t\t\t\t\t\t\t\t\t\t\t\t\t<\/div>\n\t\t\t\t<div class=\"elementor-element elementor-element-3ad1482 elementor-widget elementor-widget-image\" data-id=\"3ad1482\" data-element_type=\"widget\" data-widget_type=\"image.default\">\n\t\t\t\t\t\t\t\t\t\t\t\t\t\t\t<img loading=\"lazy\" decoding=\"async\" width=\"250\" height=\"150\" src=\"https:\/\/joyeriapaquillo.com\/wp-content\/uploads\/2025\/09\/festina.png\" class=\"attachment-large size-large wp-image-995\" alt=\"\" \/>\t\t\t\t\t\t\t\t\t\t\t\t\t\t\t<\/div>\n\t\t\t\t<div class=\"elementor-element elementor-element-945e960 elementor-widget elementor-widget-image\" data-id=\"945e960\" data-element_type=\"widget\" data-widget_type=\"image.default\">\n\t\t\t\t\t\t\t\t\t\t\t\t\t\t\t<img loading=\"lazy\" decoding=\"async\" width=\"250\" height=\"150\" src=\"https:\/\/joyeriapaquillo.com\/wp-content\/uploads\/2025\/09\/viceroy.png\" class=\"attachment-large size-large wp-image-1001\" alt=\"\" \/>\t\t\t\t\t\t\t\t\t\t\t\t\t\t\t<\/div>\n\t\t\t\t<div class=\"elementor-element elementor-element-b0d9a15 elementor-widget elementor-widget-image\" data-id=\"b0d9a15\" data-element_type=\"widget\" data-widget_type=\"image.default\">\n\t\t\t\t\t\t\t\t\t\t\t\t\t\t\t<img loading=\"lazy\" decoding=\"async\" width=\"250\" height=\"150\" src=\"https:\/\/joyeriapaquillo.com\/wp-content\/uploads\/2025\/09\/mark-maddox.png\" class=\"attachment-large size-large wp-image-997\" alt=\"\" \/>\t\t\t\t\t\t\t\t\t\t\t\t\t\t\t<\/div>\n\t\t\t\t<div class=\"elementor-element elementor-element-6ff8176 elementor-widget elementor-widget-image\" data-id=\"6ff8176\" data-element_type=\"widget\" data-widget_type=\"image.default\">\n\t\t\t\t\t\t\t\t\t\t\t\t\t\t\t<img loading=\"lazy\" decoding=\"async\" width=\"250\" height=\"150\" src=\"https:\/\/joyeriapaquillo.com\/wp-content\/uploads\/2025\/09\/tous.png\" class=\"attachment-large size-large wp-image-1000\" alt=\"\" \/>\t\t\t\t\t\t\t\t\t\t\t\t\t\t\t<\/div>\n\t\t\t\t<div class=\"elementor-element elementor-element-33fe0cd elementor-widget elementor-widget-image\" data-id=\"33fe0cd\" data-element_type=\"widget\" data-widget_type=\"image.default\">\n\t\t\t\t\t\t\t\t\t\t\t\t\t\t\t<img loading=\"lazy\" decoding=\"async\" width=\"250\" height=\"150\" src=\"https:\/\/joyeriapaquillo.com\/wp-content\/uploads\/2025\/09\/tommy.png\" class=\"attachment-large size-large wp-image-999\" alt=\"\" \/>\t\t\t\t\t\t\t\t\t\t\t\t\t\t\t<\/div>\n\t\t\t\t<div class=\"elementor-element elementor-element-f3957b4 elementor-widget elementor-widget-image\" data-id=\"f3957b4\" data-element_type=\"widget\" data-widget_type=\"image.default\">\n\t\t\t\t\t\t\t\t\t\t\t\t\t\t\t<img loading=\"lazy\" decoding=\"async\" width=\"250\" height=\"150\" src=\"https:\/\/joyeriapaquillo.com\/wp-content\/uploads\/2025\/09\/casio.png\" class=\"attachment-large size-large wp-image-994\" alt=\"\" \/>\t\t\t\t\t\t\t\t\t\t\t\t\t\t\t<\/div>\n\t\t\t\t<div class=\"elementor-element elementor-element-301e7b7 elementor-widget elementor-widget-image\" data-id=\"301e7b7\" data-element_type=\"widget\" data-widget_type=\"image.default\">\n\t\t\t\t\t\t\t\t\t\t\t\t\t\t\t<img loading=\"lazy\" decoding=\"async\" width=\"250\" height=\"150\" src=\"https:\/\/joyeriapaquillo.com\/wp-content\/uploads\/2025\/09\/calvin-klein.png\" class=\"attachment-large size-large wp-image-992\" alt=\"\" \/>\t\t\t\t\t\t\t\t\t\t\t\t\t\t\t<\/div>\n\t\t\t\t<div class=\"elementor-element elementor-element-5cf20cb elementor-widget elementor-widget-image\" data-id=\"5cf20cb\" data-element_type=\"widget\" data-widget_type=\"image.default\">\n\t\t\t\t\t\t\t\t\t\t\t\t\t\t\t<img loading=\"lazy\" decoding=\"async\" width=\"250\" height=\"150\" src=\"https:\/\/joyeriapaquillo.com\/wp-content\/uploads\/2025\/09\/calypso.png\" class=\"attachment-large size-large wp-image-993\" alt=\"\" \/>\t\t\t\t\t\t\t\t\t\t\t\t\t\t\t<\/div>\n\t\t\t\t<\/div>\n\t\t\t\t<\/div>\n\t\t\t\t\t<\/div>\n\t\t\t\t<\/div>\n\t\t<div class=\"elementor-element elementor-element-f856b54 e-flex e-con-boxed wpr-particle-no wpr-jarallax-no wpr-parallax-no wpr-sticky-section-no e-con e-parent\" data-id=\"f856b54\" data-element_type=\"container\">\n\t\t\t\t\t<div class=\"e-con-inner\">\n\t\t\t\t<div class=\"elementor-element elementor-element-197db1c elementor-widget elementor-widget-menu-anchor\" data-id=\"197db1c\" data-element_type=\"widget\" data-widget_type=\"menu-anchor.default\">\n\t\t\t\t\t\t\t<div class=\"elementor-menu-anchor\" id=\"joyeria\"><\/div>\n\t\t\t\t\t\t<\/div>\n\t\t<div class=\"elementor-element elementor-element-2dfe98c e-con-full e-flex wpr-particle-no wpr-jarallax-no wpr-parallax-no wpr-sticky-section-no e-con e-child\" data-id=\"2dfe98c\" data-element_type=\"container\">\n\t\t\t\t<div class=\"elementor-element elementor-element-096d539 elementor-widget elementor-widget-heading\" data-id=\"096d539\" data-element_type=\"widget\" data-widget_type=\"heading.default\">\n\t\t\t\t\t<h2 class=\"elementor-heading-title elementor-size-default\">Joyer\u00eda<\/h2>\t\t\t\t<\/div>\n\t\t\t\t<div class=\"elementor-element elementor-element-c575cc2 elementor-widget elementor-widget-text-editor\" data-id=\"c575cc2\" data-element_type=\"widget\" data-widget_type=\"text-editor.default\">\n\t\t\t\t\t\t\t\t\tEn Joyer\u00eda Paquillo ponemos a tu alcance una selecci\u00f3n de marcas de joyer\u00eda reconocidas por su calidad, dise\u00f1o y exclusividad. Cada colecci\u00f3n est\u00e1 pensada para realzar tu estilo y acompa\u00f1arte en los momentos m\u00e1s importantes de tu vida.\t\t\t\t\t\t\t\t<\/div>\n\t\t<div class=\"elementor-element elementor-element-6dd6af4 e-grid e-con-full wpr-particle-no wpr-jarallax-no wpr-parallax-no wpr-sticky-section-no e-con e-child\" data-id=\"6dd6af4\" data-element_type=\"container\">\n\t\t\t\t<div class=\"elementor-element elementor-element-e888d28 elementor-widget elementor-widget-image\" data-id=\"e888d28\" data-element_type=\"widget\" data-widget_type=\"image.default\">\n\t\t\t\t\t\t\t\t\t\t\t\t\t\t\t<img loading=\"lazy\" decoding=\"async\" width=\"250\" height=\"150\" src=\"https:\/\/joyeriapaquillo.com\/wp-content\/uploads\/2025\/09\/eugenio-lumbreras.jpg\" class=\"attachment-large size-large wp-image-1007\" alt=\"\" \/>\t\t\t\t\t\t\t\t\t\t\t\t\t\t\t<\/div>\n\t\t\t\t<div class=\"elementor-element elementor-element-6dba43d elementor-widget elementor-widget-image\" data-id=\"6dba43d\" data-element_type=\"widget\" data-widget_type=\"image.default\">\n\t\t\t\t\t\t\t\t\t\t\t\t\t\t\t<img loading=\"lazy\" decoding=\"async\" width=\"250\" height=\"150\" src=\"https:\/\/joyeriapaquillo.com\/wp-content\/uploads\/2025\/09\/simon-franco.jpg\" class=\"attachment-large size-large wp-image-1012\" alt=\"\" \/>\t\t\t\t\t\t\t\t\t\t\t\t\t\t\t<\/div>\n\t\t\t\t<div class=\"elementor-element elementor-element-b433f66 elementor-widget elementor-widget-image\" data-id=\"b433f66\" data-element_type=\"widget\" data-widget_type=\"image.default\">\n\t\t\t\t\t\t\t\t\t\t\t\t\t\t\t<img loading=\"lazy\" decoding=\"async\" width=\"250\" height=\"150\" src=\"https:\/\/joyeriapaquillo.com\/wp-content\/uploads\/2025\/09\/clemente.jpg\" class=\"attachment-large size-large wp-image-1006\" alt=\"\" \/>\t\t\t\t\t\t\t\t\t\t\t\t\t\t\t<\/div>\n\t\t\t\t<div class=\"elementor-element elementor-element-ccb2e82 elementor-widget elementor-widget-image\" data-id=\"ccb2e82\" data-element_type=\"widget\" data-widget_type=\"image.default\">\n\t\t\t\t\t\t\t\t\t\t\t\t\t\t\t<img loading=\"lazy\" decoding=\"async\" width=\"250\" height=\"150\" src=\"https:\/\/joyeriapaquillo.com\/wp-content\/uploads\/2025\/09\/pandora.jpg\" class=\"attachment-large size-large wp-image-1011\" alt=\"\" \/>\t\t\t\t\t\t\t\t\t\t\t\t\t\t\t<\/div>\n\t\t\t\t<div class=\"elementor-element elementor-element-fe10250 elementor-widget elementor-widget-image\" data-id=\"fe10250\" data-element_type=\"widget\" data-widget_type=\"image.default\">\n\t\t\t\t\t\t\t\t\t\t\t\t\t\t\t<img loading=\"lazy\" decoding=\"async\" width=\"250\" height=\"150\" src=\"https:\/\/joyeriapaquillo.com\/wp-content\/uploads\/2025\/09\/lineargent.jpg\" class=\"attachment-large size-large wp-image-1009\" alt=\"\" \/>\t\t\t\t\t\t\t\t\t\t\t\t\t\t\t<\/div>\n\t\t\t\t<div class=\"elementor-element elementor-element-52be74c elementor-widget elementor-widget-image\" data-id=\"52be74c\" data-element_type=\"widget\" data-widget_type=\"image.default\">\n\t\t\t\t\t\t\t\t\t\t\t\t\t\t\t<img loading=\"lazy\" decoding=\"async\" width=\"250\" height=\"150\" src=\"https:\/\/joyeriapaquillo.com\/wp-content\/uploads\/2025\/09\/marina-garcia.jpg\" class=\"attachment-large size-large wp-image-1010\" alt=\"\" \/>\t\t\t\t\t\t\t\t\t\t\t\t\t\t\t<\/div>\n\t\t\t\t<div class=\"elementor-element elementor-element-2ea0cd0 elementor-widget elementor-widget-image\" data-id=\"2ea0cd0\" data-element_type=\"widget\" data-widget_type=\"image.default\">\n\t\t\t\t\t\t\t\t\t\t\t\t\t\t\t<img loading=\"lazy\" decoding=\"async\" width=\"250\" height=\"150\" src=\"https:\/\/joyeriapaquillo.com\/wp-content\/uploads\/2025\/09\/calvin-klein.png\" class=\"attachment-large size-large wp-image-992\" alt=\"\" \/>\t\t\t\t\t\t\t\t\t\t\t\t\t\t\t<\/div>\n\t\t\t\t<div class=\"elementor-element elementor-element-544cc45 elementor-widget elementor-widget-image\" data-id=\"544cc45\" data-element_type=\"widget\" data-widget_type=\"image.default\">\n\t\t\t\t\t\t\t\t\t\t\t\t\t\t\t<img loading=\"lazy\" decoding=\"async\" width=\"250\" height=\"150\" src=\"https:\/\/joyeriapaquillo.com\/wp-content\/uploads\/2025\/09\/joidart.jpg\" class=\"attachment-large size-large wp-image-1008\" alt=\"\" \/>\t\t\t\t\t\t\t\t\t\t\t\t\t\t\t<\/div>\n\t\t\t\t<\/div>\n\t\t\t\t<\/div>\n\t\t<div class=\"elementor-element elementor-element-bca487a e-con-full e-flex wpr-particle-no wpr-jarallax-no wpr-parallax-no wpr-sticky-section-no e-con e-child\" data-id=\"bca487a\" data-element_type=\"container\">\n\t\t\t\t<div class=\"elementor-element elementor-element-43e64b2 elementor-widget elementor-widget-image\" data-id=\"43e64b2\" data-element_type=\"widget\" data-widget_type=\"image.default\">\n\t\t\t\t\t\t\t\t\t\t\t\t\t\t\t<img loading=\"lazy\" decoding=\"async\" width=\"960\" height=\"707\" src=\"https:\/\/joyeriapaquillo.com\/wp-content\/uploads\/2025\/09\/joyeria-1024x754.jpg\" class=\"attachment-large size-large wp-image-1079\" alt=\"\" srcset=\"https:\/\/joyeriapaquillo.com\/wp-content\/uploads\/2025\/09\/joyeria-1024x754.jpg 1024w, https:\/\/joyeriapaquillo.com\/wp-content\/uploads\/2025\/09\/joyeria-300x221.jpg 300w, https:\/\/joyeriapaquillo.com\/wp-content\/uploads\/2025\/09\/joyeria-768x565.jpg 768w, https:\/\/joyeriapaquillo.com\/wp-content\/uploads\/2025\/09\/joyeria.jpg 1511w\" sizes=\"(max-width: 960px) 100vw, 960px\" \/>\t\t\t\t\t\t\t\t\t\t\t\t\t\t\t<\/div>\n\t\t\t\t<\/div>\n\t\t\t\t\t<\/div>\n\t\t\t\t<\/div>\n\t\t\t\t<\/div>","protected":false},"excerpt":{"rendered":"<p>Cat\u00e1logo Relojer\u00eda En Relojer\u00eda Paquillo encontrar\u00e1s una cuidada selecci\u00f3n de relojes que combinan precisi\u00f3n, dise\u00f1o y estilo. Trabajamos con las marcas m\u00e1s prestigiosas del mercado, para que siempre lleves en tu mu\u00f1eca un reloj que hable de ti. En nuestra tienda encontrar\u00e1s relojes para hombre, mujer y juvenil, con opciones cl\u00e1sicas, deportivas, de moda y autom\u00e1ticas. Todos con garant\u00eda oficial y el respaldo de un servicio especializado. Joyer\u00eda En Joyer\u00eda Paquillo ponemos a tu alcance una selecci\u00f3n de marcas de joyer\u00eda reconocidas por su calidad, dise\u00f1o y exclusividad. Cada colecci\u00f3n est\u00e1 pensada para realzar tu estilo y acompa\u00f1arte en los momentos m\u00e1s importantes de tu vida.<\/p>","protected":false},"author":1,"featured_media":0,"parent":0,"menu_order":0,"comment_status":"closed","ping_status":"closed","template":"elementor_canvas","meta":{"_eb_attr":"","footnotes":""},"class_list":["post-760","page","type-page","status-publish","hentry"],"_links":{"self":[{"href":"https:\/\/joyeriapaquillo.com\/en\/wp-json\/wp\/v2\/pages\/760","targetHints":{"allow":["GET"]}}],"collection":[{"href":"https:\/\/joyeriapaquillo.com\/en\/wp-json\/wp\/v2\/pages"}],"about":[{"href":"https:\/\/joyeriapaquillo.com\/en\/wp-json\/wp\/v2\/types\/page"}],"author":[{"embeddable":true,"href":"https:\/\/joyeriapaquillo.com\/en\/wp-json\/wp\/v2\/users\/1"}],"replies":[{"embeddable":true,"href":"https:\/\/joyeriapaquillo.com\/en\/wp-json\/wp\/v2\/comments?post=760"}],"version-history":[{"count":28,"href":"https:\/\/joyeriapaquillo.com\/en\/wp-json\/wp\/v2\/pages\/760\/revisions"}],"predecessor-version":[{"id":1131,"href":"https:\/\/joyeriapaquillo.com\/en\/wp-json\/wp\/v2\/pages\/760\/revisions\/1131"}],"wp:attachment":[{"href":"https:\/\/joyeriapaquillo.com\/en\/wp-json\/wp\/v2\/media?parent=760"}],"curies":[{"name":"wp","href":"https:\/\/api.w.org\/{rel}","templated":true}]}}