{"id":63,"date":"2021-12-12T07:43:14","date_gmt":"2021-12-12T07:43:14","guid":{"rendered":"https:\/\/demosites.royal-elementor-addons.com\/wedding-v1\/?page_id=63"},"modified":"2025-10-02T15:03:51","modified_gmt":"2025-10-02T15:03:51","slug":"sobre-nosotros","status":"publish","type":"page","link":"https:\/\/joyeriapaquillo.com\/en\/sobre-nosotros\/","title":{"rendered":"Sobre nosotros"},"content":{"rendered":"<div data-elementor-type=\"wp-page\" data-elementor-id=\"63\" class=\"elementor elementor-63\">\n\t\t\t\t\t\t<section class=\"elementor-section elementor-top-section elementor-element elementor-element-71417bb8 elementor-section-full_width elementor-section-height-min-height elementor-section-height-default elementor-section-items-middle wpr-particle-no wpr-jarallax-no wpr-parallax-no wpr-sticky-section-no\" data-id=\"71417bb8\" data-element_type=\"section\" data-settings=\"{&quot;background_background&quot;:&quot;classic&quot;}\">\n\t\t\t\t\t\t\t<div class=\"elementor-background-overlay\"><\/div>\n\t\t\t\t\t\t\t<div class=\"elementor-container elementor-column-gap-no\">\n\t\t\t\t\t<div class=\"elementor-column elementor-col-100 elementor-top-column elementor-element elementor-element-6dda97af\" data-id=\"6dda97af\" data-element_type=\"column\">\n\t\t\t<div class=\"elementor-widget-wrap elementor-element-populated\">\n\t\t\t\t\t\t<div class=\"elementor-element elementor-element-20ef6431 elementor-widget elementor-widget-heading\" data-id=\"20ef6431\" data-element_type=\"widget\" data-widget_type=\"heading.default\">\n\t\t\t\t\t<h1 class=\"elementor-heading-title elementor-size-default\">Sobre nosotros<\/h1>\t\t\t\t<\/div>\n\t\t\t\t\t<\/div>\n\t\t<\/div>\n\t\t\t\t\t<\/div>\n\t\t<\/section>\n\t\t<div class=\"elementor-element elementor-element-35c4d4a e-flex e-con-boxed wpr-particle-no wpr-jarallax-no wpr-parallax-no wpr-sticky-section-no e-con e-parent\" data-id=\"35c4d4a\" data-element_type=\"container\" data-settings=\"{&quot;background_background&quot;:&quot;classic&quot;}\">\n\t\t\t\t\t<div class=\"e-con-inner\">\n\t\t<div class=\"elementor-element elementor-element-ac678ff e-con-full e-flex wpr-particle-no wpr-jarallax-no wpr-parallax-no wpr-sticky-section-no e-con e-child\" data-id=\"ac678ff\" data-element_type=\"container\">\n\t\t\t\t<div class=\"elementor-element elementor-element-ca6f803 elementor-widget elementor-widget-heading\" data-id=\"ca6f803\" data-element_type=\"widget\" data-widget_type=\"heading.default\">\n\t\t\t\t\t<p class=\"elementor-heading-title elementor-size-default\">Joyer\u00eda Paquillo<\/p>\t\t\t\t<\/div>\n\t\t\t\t<div class=\"elementor-element elementor-element-8b348fa elementor-widget elementor-widget-heading\" data-id=\"8b348fa\" data-element_type=\"widget\" data-widget_type=\"heading.default\">\n\t\t\t\t\t<p class=\"elementor-heading-title elementor-size-default\">Sobre Nosotros<\/p>\t\t\t\t<\/div>\n\t\t\t\t<div class=\"elementor-element elementor-element-9a57b4a elementor-widget elementor-widget-text-editor\" data-id=\"9a57b4a\" data-element_type=\"widget\" data-widget_type=\"text-editor.default\">\n\t\t\t\t\t\t\t\t\t<p>En el coraz\u00f3n de Palencia, nuestra <strong>trayectoria arranca en 1946<\/strong>, cuando Fco. Pascual, tras crecer rodeado del oficio joyero en Soria, emprende su propio camino y abre un <strong>taller dedicado al dise\u00f1o<\/strong>, la reparaci\u00f3n y el cuidado de joyas. Aquel espacio, en la Calle Mayor n\u00ba 94, fue el primero en la ciudad en obtener el punz\u00f3n de fabricante PAL-1, y con los a\u00f1os se ha consolidado como el taller de joyer\u00eda con m\u00e1s historia de Palencia.<\/p>\t\t\t\t\t\t\t\t<\/div>\n\t\t\t\t<\/div>\n\t\t<div class=\"elementor-element elementor-element-ebc355c e-con-full e-flex wpr-particle-no wpr-jarallax-no wpr-parallax-no wpr-sticky-section-no e-con e-child\" data-id=\"ebc355c\" data-element_type=\"container\">\n\t\t\t\t<div class=\"elementor-element elementor-element-f921ad2 elementor-invisible elementor-widget elementor-widget-image\" data-id=\"f921ad2\" data-element_type=\"widget\" data-settings=\"{&quot;_animation&quot;:&quot;zoomIn&quot;}\" data-widget_type=\"image.default\">\n\t\t\t\t\t\t\t\t\t\t\t\t\t\t\t<img fetchpriority=\"high\" decoding=\"async\" width=\"648\" height=\"525\" src=\"https:\/\/joyeriapaquillo.com\/wp-content\/uploads\/2025\/09\/historia2.jpg\" class=\"attachment-large size-large wp-image-1058\" alt=\"\" srcset=\"https:\/\/joyeriapaquillo.com\/wp-content\/uploads\/2025\/09\/historia2.jpg 648w, https:\/\/joyeriapaquillo.com\/wp-content\/uploads\/2025\/09\/historia2-300x243.jpg 300w\" sizes=\"(max-width: 648px) 100vw, 648px\" \/>\t\t\t\t\t\t\t\t\t\t\t\t\t\t\t<\/div>\n\t\t\t\t<div class=\"elementor-element elementor-element-b4aa97f elementor-invisible elementor-widget elementor-widget-image\" data-id=\"b4aa97f\" data-element_type=\"widget\" data-settings=\"{&quot;_animation&quot;:&quot;zoomIn&quot;,&quot;_animation_delay&quot;:1000}\" data-widget_type=\"image.default\">\n\t\t\t\t\t\t\t\t\t\t\t\t\t\t\t<img decoding=\"async\" width=\"649\" height=\"525\" src=\"https:\/\/joyeriapaquillo.com\/wp-content\/uploads\/2025\/09\/historia2-1.jpg\" class=\"attachment-large size-large wp-image-1061\" alt=\"\" srcset=\"https:\/\/joyeriapaquillo.com\/wp-content\/uploads\/2025\/09\/historia2-1.jpg 649w, https:\/\/joyeriapaquillo.com\/wp-content\/uploads\/2025\/09\/historia2-1-300x243.jpg 300w\" sizes=\"(max-width: 649px) 100vw, 649px\" \/>\t\t\t\t\t\t\t\t\t\t\t\t\t\t\t<\/div>\n\t\t\t\t<\/div>\n\t\t<div class=\"elementor-element elementor-element-3673996 e-con-full e-flex wpr-particle-no wpr-jarallax-no wpr-parallax-no wpr-sticky-section-no e-con e-child\" data-id=\"3673996\" data-element_type=\"container\">\n\t\t\t\t<div class=\"elementor-element elementor-element-c1acc70 elementor-invisible elementor-widget elementor-widget-image\" data-id=\"c1acc70\" data-element_type=\"widget\" data-settings=\"{&quot;_animation&quot;:&quot;zoomIn&quot;,&quot;_animation_delay&quot;:600}\" data-widget_type=\"image.default\">\n\t\t\t\t\t\t\t\t\t\t\t\t\t\t\t<img decoding=\"async\" width=\"392\" height=\"525\" src=\"https:\/\/joyeriapaquillo.com\/wp-content\/uploads\/2025\/09\/historia3.jpg\" class=\"attachment-full size-full wp-image-1065\" alt=\"\" srcset=\"https:\/\/joyeriapaquillo.com\/wp-content\/uploads\/2025\/09\/historia3.jpg 392w, https:\/\/joyeriapaquillo.com\/wp-content\/uploads\/2025\/09\/historia3-224x300.jpg 224w\" sizes=\"(max-width: 392px) 100vw, 392px\" \/>\t\t\t\t\t\t\t\t\t\t\t\t\t\t\t<\/div>\n\t\t\t\t<\/div>\n\t\t\t\t\t<\/div>\n\t\t\t\t<\/div>\n\t\t\t\t<section class=\"elementor-section elementor-top-section elementor-element elementor-element-3136745 elementor-section-boxed elementor-section-height-default elementor-section-height-default wpr-particle-no wpr-jarallax-no wpr-parallax-no wpr-sticky-section-no\" data-id=\"3136745\" data-element_type=\"section\">\n\t\t\t\t\t\t<div class=\"elementor-container elementor-column-gap-default\">\n\t\t\t\t\t<div class=\"elementor-column elementor-col-100 elementor-top-column elementor-element elementor-element-0213cbc\" data-id=\"0213cbc\" data-element_type=\"column\">\n\t\t\t<div class=\"elementor-widget-wrap elementor-element-populated\">\n\t\t\t\t\t\t<div class=\"elementor-element elementor-element-ccf2a9f elementor-widget elementor-widget-text-editor\" data-id=\"ccf2a9f\" data-element_type=\"widget\" data-widget_type=\"text-editor.default\">\n\t\t\t\t\t\t\t\t\t<p>M\u00e1s de 7 d\u00e9cadas de historia<\/p>\t\t\t\t\t\t\t\t<\/div>\n\t\t\t\t<div class=\"elementor-element elementor-element-e54ab1e wpr-list-style-none elementor-widget elementor-widget-wpr-posts-timeline\" data-id=\"e54ab1e\" data-element_type=\"widget\" data-settings=\"{&quot;animation_offset&quot;:150,&quot;aos_animation_duration&quot;:600}\" data-widget_type=\"wpr-posts-timeline.default\">\n\t\t\t\t\t\n\t\t<div class=\"wpr-wrapper wpr-vertical wpr-centered\">\n\t\t\t<div class=\"wpr-timeline-centered wpr-line wpr-both-sided-timeline\"><div class=\"wpr-middle-line\"><\/div><div class=\"wpr-timeline-fill\" data-layout=\"centered\"><\/div><article class=\"wpr-timeline-entry wpr-left-aligned elementor-repeater-item-e9a4e02\" data-item-id=\"elementor-repeater-item-e9a4e02\"><time class=\"wpr-extra-label\" data-aos=\"fade\" data-aos-left=\"\" data-aos-right=\"\" data-animation-offset=\"150\" data-animation-duration=\"600\"><span class=\"wpr-label\">1946<\/span><\/time><div class=\"wpr-timeline-entry-inner\"><div class=\"wpr-main-line-icon wpr-icon\"><svg aria-hidden=\"true\" class=\"e-font-icon-svg e-fas-crown\" viewbox=\"0 0 640 512\" xmlns=\"http:\/\/www.w3.org\/2000\/svg\"><path d=\"M528 448H112c-8.8 0-16 7.2-16 16v32c0 8.8 7.2 16 16 16h416c8.8 0 16-7.2 16-16v-32c0-8.8-7.2-16-16-16zm64-320c-26.5 0-48 21.5-48 48 0 7.1 1.6 13.7 4.4 19.8L476 239.2c-15.4 9.2-35.3 4-44.2-11.6L350.3 85C361 76.2 368 63 368 48c0-26.5-21.5-48-48-48s-48 21.5-48 48c0 15 7 28.2 17.7 37l-81.5 142.6c-8.9 15.6-28.9 20.8-44.2 11.6l-72.3-43.4c2.7-6 4.4-12.7 4.4-19.8 0-26.5-21.5-48-48-48S0 149.5 0 176s21.5 48 48 48c2.6 0 5.2-.4 7.7-.8L128 416h384l72.3-192.8c2.5.4 5.1.8 7.7.8 26.5 0 48-21.5 48-48s-21.5-48-48-48z\"><\/path><\/svg><\/div><div class=\"wpr-story-info-vertical wpr-data-wrap\"  data-aos=\"fade\" data-aos-left=\"\" data-aos-right=\"\" data-animation-offset=\"150\" data-animation-duration=\"600\"><div class=\"wpr-timeline-content-wrapper\"><div class=\"wpr-content-wrapper\"><div class=\"wpr-description\"><p>Con una larga tradici\u00f3n familiar en el sector de la joyer\u00eda en Soria, Fco. Pascual <strong>se traslada a Palencia donde se establece en 1946<\/strong>, abriendo un <strong>taller de fabricaci\u00f3n y reparaci\u00f3n de joyer\u00eda y orfebrer\u00eda<\/strong>, hoy el <strong>m\u00e1s antiguo de Palencia<\/strong> con punz\u00f3n de fabricante PAL-1, en el entonces n\u00ba 94 de la Calle Mayor.<\/p><\/div><\/div><\/div><\/div>\n\t\t\t\t\t\t<\/div>\n\t\t\t\t<\/article><article class=\"wpr-timeline-entry wpr-right-aligned elementor-repeater-item-dce4898\" data-item-id=\"elementor-repeater-item-dce4898\"><time class=\"wpr-extra-label\" data-aos=\"fade\" data-aos-left=\"\" data-aos-right=\"\" data-animation-offset=\"150\" data-animation-duration=\"600\"><span class=\"wpr-label\">1965<\/span><\/time><div class=\"wpr-timeline-entry-inner\"><div class=\"wpr-main-line-icon wpr-icon\"><svg aria-hidden=\"true\" class=\"e-font-icon-svg e-fas-crown\" viewbox=\"0 0 640 512\" xmlns=\"http:\/\/www.w3.org\/2000\/svg\"><path d=\"M528 448H112c-8.8 0-16 7.2-16 16v32c0 8.8 7.2 16 16 16h416c8.8 0 16-7.2 16-16v-32c0-8.8-7.2-16-16-16zm64-320c-26.5 0-48 21.5-48 48 0 7.1 1.6 13.7 4.4 19.8L476 239.2c-15.4 9.2-35.3 4-44.2-11.6L350.3 85C361 76.2 368 63 368 48c0-26.5-21.5-48-48-48s-48 21.5-48 48c0 15 7 28.2 17.7 37l-81.5 142.6c-8.9 15.6-28.9 20.8-44.2 11.6l-72.3-43.4c2.7-6 4.4-12.7 4.4-19.8 0-26.5-21.5-48-48-48S0 149.5 0 176s21.5 48 48 48c2.6 0 5.2-.4 7.7-.8L128 416h384l72.3-192.8c2.5.4 5.1.8 7.7.8 26.5 0 48-21.5 48-48s-21.5-48-48-48z\"><\/path><\/svg><\/div><div class=\"wpr-story-info-vertical wpr-data-wrap\"  data-aos=\"fade\" data-aos-left=\"\" data-aos-right=\"\" data-animation-offset=\"150\" data-animation-duration=\"600\"><div class=\"wpr-timeline-content-wrapper\"><div class=\"wpr-content-wrapper\"><div class=\"wpr-description\"><p><strong>En 1965 se traslada a la Calle Col\u00f3n n\u00ba 5<\/strong>, establecimiento actual, que <strong>en 2001 ampli\u00f3 con el local<\/strong> colindante del n\u00ba 7 <strong>dedicado especialmente a la relojer\u00eda.<\/strong><\/p><\/div><\/div><\/div><\/div>\n\t\t\t\t\t\t<\/div>\n\t\t\t\t<\/article><article class=\"wpr-timeline-entry wpr-left-aligned elementor-repeater-item-a53fcb2\" data-item-id=\"elementor-repeater-item-a53fcb2\"><time class=\"wpr-extra-label\" data-aos=\"fade\" data-aos-left=\"\" data-aos-right=\"\" data-animation-offset=\"150\" data-animation-duration=\"600\"><span class=\"wpr-label\">1980<\/span><\/time><div class=\"wpr-timeline-entry-inner\"><div class=\"wpr-main-line-icon wpr-icon\"><svg aria-hidden=\"true\" class=\"e-font-icon-svg e-fas-crown\" viewbox=\"0 0 640 512\" xmlns=\"http:\/\/www.w3.org\/2000\/svg\"><path d=\"M528 448H112c-8.8 0-16 7.2-16 16v32c0 8.8 7.2 16 16 16h416c8.8 0 16-7.2 16-16v-32c0-8.8-7.2-16-16-16zm64-320c-26.5 0-48 21.5-48 48 0 7.1 1.6 13.7 4.4 19.8L476 239.2c-15.4 9.2-35.3 4-44.2-11.6L350.3 85C361 76.2 368 63 368 48c0-26.5-21.5-48-48-48s-48 21.5-48 48c0 15 7 28.2 17.7 37l-81.5 142.6c-8.9 15.6-28.9 20.8-44.2 11.6l-72.3-43.4c2.7-6 4.4-12.7 4.4-19.8 0-26.5-21.5-48-48-48S0 149.5 0 176s21.5 48 48 48c2.6 0 5.2-.4 7.7-.8L128 416h384l72.3-192.8c2.5.4 5.1.8 7.7.8 26.5 0 48-21.5 48-48s-21.5-48-48-48z\"><\/path><\/svg><\/div><div class=\"wpr-story-info-vertical wpr-data-wrap\"  data-aos=\"fade\" data-aos-left=\"\" data-aos-right=\"\" data-animation-offset=\"150\" data-animation-duration=\"600\"><div class=\"wpr-timeline-content-wrapper\"><div class=\"wpr-content-wrapper\"><div class=\"wpr-description\"><p>En <strong>1980<\/strong> hab\u00eda abierto en la misma calle, en el n\u00ba 31, un <strong>gran establecimiento en el que se distribu\u00edan las marcas m\u00e1s prestigiosas del sector<\/strong>, tanto en <strong>relojer\u00eda como en joyer\u00eda<\/strong>, as\u00ed como una amplia gama de decoraci\u00f3n, regalos y la orfebrer\u00eda en plata m\u00e1s selecta.<\/p><\/div><\/div><\/div><\/div>\n\t\t\t\t\t\t<\/div>\n\t\t\t\t<\/article><article class=\"wpr-timeline-entry wpr-right-aligned elementor-repeater-item-f6c53fd\" data-item-id=\"elementor-repeater-item-f6c53fd\"><time class=\"wpr-extra-label\" data-aos=\"fade\" data-aos-left=\"\" data-aos-right=\"\" data-animation-offset=\"150\" data-animation-duration=\"600\"><span class=\"wpr-label\">2010 - 2025<\/span><\/time><div class=\"wpr-timeline-entry-inner\"><div class=\"wpr-main-line-icon wpr-icon\"><svg aria-hidden=\"true\" class=\"e-font-icon-svg e-fas-crown\" viewbox=\"0 0 640 512\" xmlns=\"http:\/\/www.w3.org\/2000\/svg\"><path d=\"M528 448H112c-8.8 0-16 7.2-16 16v32c0 8.8 7.2 16 16 16h416c8.8 0 16-7.2 16-16v-32c0-8.8-7.2-16-16-16zm64-320c-26.5 0-48 21.5-48 48 0 7.1 1.6 13.7 4.4 19.8L476 239.2c-15.4 9.2-35.3 4-44.2-11.6L350.3 85C361 76.2 368 63 368 48c0-26.5-21.5-48-48-48s-48 21.5-48 48c0 15 7 28.2 17.7 37l-81.5 142.6c-8.9 15.6-28.9 20.8-44.2 11.6l-72.3-43.4c2.7-6 4.4-12.7 4.4-19.8 0-26.5-21.5-48-48-48S0 149.5 0 176s21.5 48 48 48c2.6 0 5.2-.4 7.7-.8L128 416h384l72.3-192.8c2.5.4 5.1.8 7.7.8 26.5 0 48-21.5 48-48s-21.5-48-48-48z\"><\/path><\/svg><\/div><div class=\"wpr-story-info-vertical wpr-data-wrap\"  data-aos=\"fade\" data-aos-left=\"\" data-aos-right=\"\" data-animation-offset=\"150\" data-animation-duration=\"600\"><div class=\"wpr-timeline-content-wrapper\"><div class=\"wpr-content-wrapper\"><div class=\"wpr-description\"><p>Siempre hemos estado muy vinculados a Palencia y a su historia y as\u00ed <strong>en 2010 y en colaboraci\u00f3n con el Museo de Palencia<\/strong>, presentamos la colecci\u00f3n de joyas \"<strong>Thieldones<\/strong>\" inspirada en una joya de la <strong>orfebrer\u00eda Vaccea del siglo I d.C. expuesta en el museo<\/strong> y muy representativa de nuestro pasado.<\/p><p>En 2021 y ahora en colaboraci\u00f3n con el Cabildo, y en conmemoraci\u00f3n del 700 aniversario de la colocaci\u00f3n de la primera piedra de la Catedral, presentamos una nueva colecci\u00f3n de joyas inspirada en el motivo cuatrilobulado presente en gran n\u00famero en la decoraci\u00f3n de la Seo palentina as\u00ed como la vidriera de la fachada principal de la plaza de San Antol\u00edn.<br \/>Adem\u00e1s de lo relacionado con este gremio, abrimos tambi\u00e9n un establecimiento de \u00f3ptica en la calle Mayor que estuvo en activo durante m\u00e1s de 30 a\u00f1os.<\/p><\/div><\/div><\/div><\/div>\n\t\t\t\t\t\t<\/div>\n\t\t\t\t<\/article><\/div>    \n\t\t\t<\/div>\t\t\t\t<\/div>\n\t\t\t\t\t<\/div>\n\t\t<\/div>\n\t\t\t\t\t<\/div>\n\t\t<\/section>\n\t\t\t\t<\/div>","protected":false},"excerpt":{"rendered":"<p>Sobre nosotros Joyer\u00eda Paquillo Sobre Nosotros En el coraz\u00f3n de Palencia, nuestra trayectoria arranca en 1946, cuando Fco. Pascual, tras crecer rodeado del oficio joyero en Soria, emprende su propio camino y abre un taller dedicado al dise\u00f1o, la reparaci\u00f3n y el cuidado de joyas. Aquel espacio, en la Calle Mayor n\u00ba 94, fue el primero en la ciudad en obtener el punz\u00f3n de fabricante PAL-1, y con los a\u00f1os se ha consolidado como el taller de joyer\u00eda con m\u00e1s historia de Palencia. M\u00e1s de 7 d\u00e9cadas de historia 1946 Con una larga tradici\u00f3n familiar en el sector de la joyer\u00eda en Soria, Fco. Pascual se traslada a Palencia donde se establece en 1946, abriendo un taller de fabricaci\u00f3n y reparaci\u00f3n de joyer\u00eda y orfebrer\u00eda, hoy el m\u00e1s antiguo de Palencia con punz\u00f3n de fabricante PAL-1, en el entonces n\u00ba 94 de la Calle Mayor. 1965 En 1965 se traslada a la Calle Col\u00f3n n\u00ba 5, establecimiento actual, que en 2001 ampli\u00f3 con el local colindante del n\u00ba 7 dedicado especialmente a la relojer\u00eda. 1980 En 1980 hab\u00eda abierto en la misma calle, en el n\u00ba 31, un gran establecimiento en el que se distribu\u00edan las marcas m\u00e1s prestigiosas del sector, tanto en relojer\u00eda como en joyer\u00eda, as\u00ed como una amplia gama de decoraci\u00f3n, regalos y la orfebrer\u00eda en plata m\u00e1s selecta. 2010 &#8211; 2025 Siempre hemos estado muy vinculados a Palencia y a su historia y as\u00ed en 2010 y en colaboraci\u00f3n con el Museo de Palencia, presentamos la colecci\u00f3n de joyas \u00abThieldones\u00bb inspirada en una joya de la orfebrer\u00eda Vaccea del siglo I d.C. expuesta en el museo y muy representativa de nuestro pasado. En 2021 y ahora en colaboraci\u00f3n con el Cabildo, y en conmemoraci\u00f3n del 700 aniversario de la colocaci\u00f3n de la primera piedra de la Catedral, presentamos una nueva colecci\u00f3n de joyas inspirada en el motivo cuatrilobulado presente en gran n\u00famero en la decoraci\u00f3n de la Seo palentina as\u00ed como la vidriera de la fachada principal de la plaza de San Antol\u00edn.Adem\u00e1s de lo relacionado con este gremio, abrimos tambi\u00e9n un establecimiento de \u00f3ptica en la calle Mayor que estuvo en activo durante m\u00e1s de 30 a\u00f1os.<\/p>","protected":false},"author":1,"featured_media":0,"parent":0,"menu_order":0,"comment_status":"closed","ping_status":"closed","template":"elementor_canvas","meta":{"_eb_attr":"","footnotes":""},"class_list":["post-63","page","type-page","status-publish","hentry"],"_links":{"self":[{"href":"https:\/\/joyeriapaquillo.com\/en\/wp-json\/wp\/v2\/pages\/63","targetHints":{"allow":["GET"]}}],"collection":[{"href":"https:\/\/joyeriapaquillo.com\/en\/wp-json\/wp\/v2\/pages"}],"about":[{"href":"https:\/\/joyeriapaquillo.com\/en\/wp-json\/wp\/v2\/types\/page"}],"author":[{"embeddable":true,"href":"https:\/\/joyeriapaquillo.com\/en\/wp-json\/wp\/v2\/users\/1"}],"replies":[{"embeddable":true,"href":"https:\/\/joyeriapaquillo.com\/en\/wp-json\/wp\/v2\/comments?post=63"}],"version-history":[{"count":37,"href":"https:\/\/joyeriapaquillo.com\/en\/wp-json\/wp\/v2\/pages\/63\/revisions"}],"predecessor-version":[{"id":1274,"href":"https:\/\/joyeriapaquillo.com\/en\/wp-json\/wp\/v2\/pages\/63\/revisions\/1274"}],"wp:attachment":[{"href":"https:\/\/joyeriapaquillo.com\/en\/wp-json\/wp\/v2\/media?parent=63"}],"curies":[{"name":"wp","href":"https:\/\/api.w.org\/{rel}","templated":true}]}}