{"id":3,"date":"2025-07-24T11:44:38","date_gmt":"2025-07-24T11:44:38","guid":{"rendered":"https:\/\/joyeriapaquillo.com\/?page_id=3"},"modified":"2025-09-05T07:53:27","modified_gmt":"2025-09-05T07:53:27","slug":"aviso-legal","status":"publish","type":"page","link":"https:\/\/joyeriapaquillo.com\/en\/aviso-legal\/","title":{"rendered":"Aviso Legal"},"content":{"rendered":"<div data-elementor-type=\"wp-page\" data-elementor-id=\"3\" class=\"elementor elementor-3\">\n\t\t\t\t<div class=\"elementor-element elementor-element-11775c3a e-flex e-con-boxed wpr-particle-no wpr-jarallax-no wpr-parallax-no wpr-sticky-section-no e-con e-parent\" data-id=\"11775c3a\" data-element_type=\"container\">\n\t\t\t\t\t<div class=\"e-con-inner\">\n\t\t\t\t<div class=\"elementor-element elementor-element-37f5c66 elementor-widget elementor-widget-heading\" data-id=\"37f5c66\" data-element_type=\"widget\" data-widget_type=\"heading.default\">\n\t\t\t\t\t<h1 class=\"elementor-heading-title elementor-size-default\">Aviso Legal<\/h1>\t\t\t\t<\/div>\n\t\t\t\t<div class=\"elementor-element elementor-element-40de5f2f elementor-widget elementor-widget-text-editor\" data-id=\"40de5f2f\" data-element_type=\"widget\" data-widget_type=\"text-editor.default\">\n\t\t\t\t\t\t\t\t\t\n<p>El presente aviso legal regula el uso del sitio web <strong>www.joyeriapaquillo.com<\/strong> (en adelante, el \u00abSitio Web\u00bb) de Pascual Tarancon, SL con CIF\/DNI B34117218 y domicilio en Calle Colon 5 y 7, (34002) Palencia, Espa\u00f1a, email info@joyeriapaquillo.com e Inscrita en el Registro Mercantil de Palencia.<\/p>\n\n<p>LEGISLACION<br \/>Con car\u00e1cter general las relaciones entre JOYERIA PAQUILLO con los Usuarios de sus servicios telem\u00e1ticos, presentes en este sitio web, se encuentran sometidas a la legislaci\u00f3n y jurisdicci\u00f3n espa\u00f1ola. En concreto Ley Org\u00e1nica 34\/2002, de 11 de Julio, de Servicios de la Sociedad de la Informaci\u00f3n y de Comercio Electr\u00f3nico, el Reglamento General de Protecci\u00f3n de Datos de la Uni\u00f3n Europea 2016\/679 de 27 de abril de 2016 relativo a la protecci\u00f3n de las personas f\u00edsicas en lo que respecta al tratamiento de datos personales y a la libre circulaci\u00f3n de estos datos y Ley Org\u00e1nica 3\/2018, de 5 de diciembre, de Protecci\u00f3n de Datos de Car\u00e1cter Personal y Garant\u00eda de los Derechos Digitales y Ley 10\/2010, de 28 de abril, de prevenci\u00f3n del blanqueo de capitales y de la financiaci\u00f3n del terrorismo.<\/p>\n\n<p>USO Y ACCESO DE USUARIOS<\/p>\n\n<p>El Usuario queda informado, y acepta, que el acceso a la presente web no supone, en modo alguno, el inicio de una relaci\u00f3n comercial con JOYERIA PAQUILLO o cualquiera de sus distribuidores.<\/p>\n\n<p>PROPIEDAD INTELECTUAL E INDUSTRIAL<\/p>\n\n<p>Los derechos de propiedad intelectual del contenido de la p\u00e1gina web, su dise\u00f1o gr\u00e1fico, los c\u00f3digos son titularidad, marcas o signos distintivos de cualquier clase, incluyendo textos, im\u00e1genes, audio y cualesquiera otros materiales son propiedad de JOYERIA PAQUILLO.<\/p>\n\n<p>Queda prohibida su reproducci\u00f3n, distribuci\u00f3n, comunicaci\u00f3n p\u00fablica, transformaci\u00f3n o cualquier otra actividad que se pueda realizar con los contenidos de la p\u00e1gina web ni aun citando las fuentes, salvo consentimiento por escrito de JOYERIA PAQUILLO<\/p>\n\n<p>La utilizaci\u00f3n no autorizada de la informaci\u00f3n de esta web, as\u00ed como los perjuicios que pudieran ocasionarse en los derechos de propiedad intelectual e industrial del JOYERIA PAQUILLO pueden dar lugar a depurar responsabilidades e incluso al ejercicio de acciones legales.<\/p>\n\n<p>RESERVA DE DERECHOS<\/p>\n\n<p>JOYERIA PAQUILLO podr\u00e1, cuando lo considere conveniente, realizar correcciones, mejoras o modificaciones en la estructura, dise\u00f1o web, as\u00ed como cualquier informaci\u00f3n contenida en la p\u00e1gina, modificar o eliminar productos, las condiciones de acceso o incluso de uso de la web de forma unilateral y sin previo aviso sin que ello de lugar, ni derecho a ninguna reclamaci\u00f3n o indemnizaci\u00f3n, ni implique reconocimiento de responsabilidad alguna.<\/p>\n\n<p>JOYERIA PAQUILLO se reserva el derecho para interrumpir, suspender o terminar la prestaci\u00f3n del servicio del sitio web o de cualquiera de los servicios que lo integran.<\/p>\n\n<p>EXCLUSI\u00d3N DE GARANT\u00cdAS Y RESPONSABILIDAD<\/p>\n\n<p>JOYERIA PAQUILLO no otorga ninguna garant\u00eda ni se hace responsable por los da\u00f1os y perjuicios de cualquier naturaleza que se pudiera derivar de:<\/p>\n\n<p>la falta de disponibilidad y continuidad t\u00e9cnica o del funcionamiento de la p\u00e1gina.<br \/>de la existencia de virus, programas maliciosos o lesivos en los contenidos,<br \/>de la falta de utilidad, adecuaci\u00f3n o validez de la web, servicios, contenidos con el objeto de responder a las necesidades, actividades o expectativas de los usuarios.<br \/>Del uso negligente o il\u00edcito de la web en general que no respeten las normas definidas en el presente aviso legal, a la buena fe, orden p\u00fablico.<br \/>Errores<br \/>La presente web se centra en la promoci\u00f3n y venta de los productos ofertados en el mismo. JOYERIA PAQUILLO se compromete a respetar la veracidad de los datos<\/p>\n\n<p>Con respecto a la existencia de errores o imprecisiones en el Sitio Web y debido a que los contenidos han sido redactados de acuerdo a la buena fe y ser\u00e1n subsanados por JOYERIA PAQUILLO a la mayor brevedad posible y tan pronto como tenga conocimiento de ello.<\/p>\n\n<p>COMUNICACIONES COMERCIALES Y PROMOCIONALES.<\/p>\n\n<p>Una de las finalidades para las que JOYERIA PAQUILLO trata los datos personales proporcionados por los Usuarios es para remitirles comunicaciones por correo electr\u00f3nico, WhatsApp o SMS con informaci\u00f3n relativa a productos, servicios, promociones y ofertas, seg\u00fan los casos en base al inter\u00e9s leg\u00edtimo o a su consentimiento.<\/p>\n\n<p>En caso de que el Usuario desee dejar de recibir este tipo de comunicaciones por parte de JOYERIA PAQUILLO o revocar el consentimiento otorgado, puede enviar la solicitud mediante correo electr\u00f3nico a info@joyeriapaquillo.com con el Asunto BAJA, adjuntado copia de documento v\u00e1lido de identidad.<\/p>\n\n<p>REDES SOCIALES<\/p>\n\n<p>La presente web utilizar\u00e1, Redes sociales y comunidades virtuales que se utilizar\u00e1n como medios de comunicaci\u00f3n y promoci\u00f3n de los productos y servicios de JOYERIA PAQUILLO. Las redes sociales y comunidades virtuales entre las que se podr\u00e1 hacer uso son las siguientes: Facebook, Instagram sin perjuicio de que pueda utilizar otras en un futuro. Los objetivos espec\u00edficos a trav\u00e9s de los cuales se usan dichos medios son el apoyo medi\u00e1tico y difusi\u00f3n de los servicios de JOYERIA PAQUILLO.<\/p>\n\n<p>Con respecto a la informaci\u00f3n de los contenidos de las redes sociales JOYERIA PAQUILLO no se hace responsable en ning\u00fan caso de la veracidad, exactitud, adecuaci\u00f3n, idoneidad, y actualizaci\u00f3n de la informaci\u00f3n suministrada a trav\u00e9s de las mismas.<\/p>\n\n<p>Los contenidos establecidos en las redes sociales son exclusivamente informativos, por lo que no se responsabiliza de las decisiones tomadas por el Usuario a partir de las mismas, ni de los da\u00f1os y perjuicios producidos en el Usuario o en terceros con base en esta informaci\u00f3n.<\/p>\n\n<p>JOYERIA PAQUILLO procurar\u00e1 fomentar la calidad de las informaciones a trav\u00e9s de la subsanaci\u00f3n de errores en datos recibidos, as\u00ed como, en la administraci\u00f3n de los sitios, y posibilitar\u00e1 que terceros usuarios puedan reportar denuncias sobre comentarios ofensivos e improcedentes que no tengan que ver con los temas tratados, fotos publicadas o v\u00eddeos igualmente no relacionados con los temas a los que se destina las anteriores Redes sociales y Comunidades.<\/p>\n\n<p>En estos casos, JOYERIA PAQUILLO como administrador de las redes, tendr\u00e1 la potestad de borrar toda informaci\u00f3n que no se ajuste a la calidad, objeto y buen servicio informativo y l\u00fadico de las redes sociales. No obstante, pese a la intenci\u00f3n de procurar la m\u00e1xima calidad de contenidos, no se har\u00e1 responsable de las informaciones referidas.<\/p>\n\n<p>Se informa que el acceso a las redes sociales y comunidades de los que la web hace uso para los objetivos anteriormente descritos requiere de un servicio \/suministro por parte de otros prestadores de servicios de la sociedad de la informaci\u00f3n. JOYERIA PAQUILLO no puede en ning\u00fan momento responsabilizarse de la fiabilidad, calidad, continuidad y funcionamiento de las mismas, y por tanto no puede impedir su suspenso, cancelaci\u00f3n o inaccesibilidad por causas ajenas a JOYERIA PAQUILLO.<\/p>\n\n<p>JOYERIA PAQUILLO no se responsabilizar\u00e1 de los da\u00f1os o perjuicios que sufra el Usuario por motivos que provengan de fallos o desconexiones en las redes sociales, y que puedan producir p\u00e9rdidas de informaci\u00f3n, suspensiones, cancelaciones o interrupciones del servicio durante la prestaci\u00f3n del mismo o con car\u00e1cter previo.<\/p>\n\n<p>Las redes sociales y las comunidades pueden permitir el acceso a enlaces y otras p\u00e1ginas web. Atendiendo a la Ley 34\/2002, de 11 de julio, de servicios de la sociedad de la informaci\u00f3n y de comercio electr\u00f3nico, JOYERIA PAQUILLO act\u00faa como prestador de servicios de intermediaci\u00f3n, por lo que s\u00f3lo ser\u00e1 responsable de los contenidos y servicios suministrados en los Sitios Enlazados, en la medida en que tenga conocimiento efectivo de su ilicitud y no haya actuado con la diligencia debida para retirarlos. Si la persona usuaria considera que alguno de los Sitios Enlazados incluye contenidos il\u00edcitos o inadecuados, podr\u00e1 comunic\u00e1rselo a JOYERIA PAQUILLO mediante el mail establecido al principio del presente aviso legal, procediendo diligentemente a retirar dichos enlaces. JOYERIA PAQUILLO en ning\u00fan caso se hace responsable de los contenidos y servicios ofrecidos en los Sitios Enlazados, por lo que no responde de los da\u00f1os producidos por su ilicitud, calidad, desactualizaci\u00f3n, indisponibilidad, error o inutilidad.<\/p>\n\n<p>LEGISLACION APLICABLE Y JURISDICCI\u00d3N<\/p>\n\n<p>Las presentes condiciones y t\u00e9rminos, se regir\u00e1n por las normas estatutarias y reglamentarias de la legislaci\u00f3n espa\u00f1ola.<\/p>\n\n<p>Las partes renuncian expresamente al fuero que les pudiera corresponder y aceptan someterse a los Juzgados y Tribunales de Palencia, en la resoluci\u00f3n de controversias que puedan surgir en la interpretaci\u00f3n o ejecuci\u00f3n de las presentes condiciones.<\/p>\n\t\t\t\t\t\t\t\t<\/div>\n\t\t\t\t\t<\/div>\n\t\t\t\t<\/div>\n\t\t\t\t<\/div>","protected":false},"excerpt":{"rendered":"<p>Aviso Legal El presente aviso legal regula el uso del sitio web www.joyeriapaquillo.com (en adelante, el \u00abSitio Web\u00bb) de Pascual Tarancon, SL con CIF\/DNI B34117218 y domicilio en Calle Colon 5 y 7, (34002) Palencia, Espa\u00f1a, email info@joyeriapaquillo.com e Inscrita en el Registro Mercantil de Palencia. LEGISLACIONCon car\u00e1cter general las relaciones entre JOYERIA PAQUILLO con los Usuarios de sus servicios telem\u00e1ticos, presentes en este sitio web, se encuentran sometidas a la legislaci\u00f3n y jurisdicci\u00f3n espa\u00f1ola. En concreto Ley Org\u00e1nica 34\/2002, de 11 de Julio, de Servicios de la Sociedad de la Informaci\u00f3n y de Comercio Electr\u00f3nico, el Reglamento General de Protecci\u00f3n de Datos de la Uni\u00f3n Europea 2016\/679 de 27 de abril de 2016 relativo a la protecci\u00f3n de las personas f\u00edsicas en lo que respecta al tratamiento de datos personales y a la libre circulaci\u00f3n de estos datos y Ley Org\u00e1nica 3\/2018, de 5 de diciembre, de Protecci\u00f3n de Datos de Car\u00e1cter Personal y Garant\u00eda de los Derechos Digitales y Ley 10\/2010, de 28 de abril, de prevenci\u00f3n del blanqueo de capitales y de la financiaci\u00f3n del terrorismo. USO Y ACCESO DE USUARIOS El Usuario queda informado, y acepta, que el acceso a la presente web no supone, en modo alguno, el inicio de una relaci\u00f3n comercial con JOYERIA PAQUILLO o cualquiera de sus distribuidores. PROPIEDAD INTELECTUAL E INDUSTRIAL Los derechos de propiedad intelectual del contenido de la p\u00e1gina web, su dise\u00f1o gr\u00e1fico, los c\u00f3digos son titularidad, marcas o signos distintivos de cualquier clase, incluyendo textos, im\u00e1genes, audio y cualesquiera otros materiales son propiedad de JOYERIA PAQUILLO. Queda prohibida su reproducci\u00f3n, distribuci\u00f3n, comunicaci\u00f3n p\u00fablica, transformaci\u00f3n o cualquier otra actividad que se pueda realizar con los contenidos de la p\u00e1gina web ni aun citando las fuentes, salvo consentimiento por escrito de JOYERIA PAQUILLO La utilizaci\u00f3n no autorizada de la informaci\u00f3n de esta web, as\u00ed como los perjuicios que pudieran ocasionarse en los derechos de propiedad intelectual e industrial del JOYERIA PAQUILLO pueden dar lugar a depurar responsabilidades e incluso al ejercicio de acciones legales. RESERVA DE DERECHOS JOYERIA PAQUILLO podr\u00e1, cuando lo considere conveniente, realizar correcciones, mejoras o modificaciones en la estructura, dise\u00f1o web, as\u00ed como cualquier informaci\u00f3n contenida en la p\u00e1gina, modificar o eliminar productos, las condiciones de acceso o incluso de uso de la web de forma unilateral y sin previo aviso sin que ello de lugar, ni derecho a ninguna reclamaci\u00f3n o indemnizaci\u00f3n, ni implique reconocimiento de responsabilidad alguna. JOYERIA PAQUILLO se reserva el derecho para interrumpir, suspender o terminar la prestaci\u00f3n del servicio del sitio web o de cualquiera de los servicios que lo integran. EXCLUSI\u00d3N DE GARANT\u00cdAS Y RESPONSABILIDAD JOYERIA PAQUILLO no otorga ninguna garant\u00eda ni se hace responsable por los da\u00f1os y perjuicios de cualquier naturaleza que se pudiera derivar de: la falta de disponibilidad y continuidad t\u00e9cnica o del funcionamiento de la p\u00e1gina.de la existencia de virus, programas maliciosos o lesivos en los contenidos,de la falta de utilidad, adecuaci\u00f3n o validez de la web, servicios, contenidos con el objeto de responder a las necesidades, actividades o expectativas de los usuarios.Del uso negligente o il\u00edcito de la web en general que no respeten las normas definidas en el presente aviso legal, a la buena fe, orden p\u00fablico.ErroresLa presente web se centra en la promoci\u00f3n y venta de los productos ofertados en el mismo. JOYERIA PAQUILLO se compromete a respetar la veracidad de los datos Con respecto a la existencia de errores o imprecisiones en el Sitio Web y debido a que los contenidos han sido redactados de acuerdo a la buena fe y ser\u00e1n subsanados por JOYERIA PAQUILLO a la mayor brevedad posible y tan pronto como tenga conocimiento de ello. COMUNICACIONES COMERCIALES Y PROMOCIONALES. Una de las finalidades para las que JOYERIA PAQUILLO trata los datos personales proporcionados por los Usuarios es para remitirles comunicaciones por correo electr\u00f3nico, WhatsApp o SMS con informaci\u00f3n relativa a productos, servicios, promociones y ofertas, seg\u00fan los casos en base al inter\u00e9s leg\u00edtimo o a su consentimiento. En caso de que el Usuario desee dejar de recibir este tipo de comunicaciones por parte de JOYERIA PAQUILLO o revocar el consentimiento otorgado, puede enviar la solicitud mediante correo electr\u00f3nico a info@joyeriapaquillo.com con el Asunto BAJA, adjuntado copia de documento v\u00e1lido de identidad. REDES SOCIALES La presente web utilizar\u00e1, Redes sociales y comunidades virtuales que se utilizar\u00e1n como medios de comunicaci\u00f3n y promoci\u00f3n de los productos y servicios de JOYERIA PAQUILLO. Las redes sociales y comunidades virtuales entre las que se podr\u00e1 hacer uso son las siguientes: Facebook, Instagram sin perjuicio de que pueda utilizar otras en un futuro. Los objetivos espec\u00edficos a trav\u00e9s de los cuales se usan dichos medios son el apoyo medi\u00e1tico y difusi\u00f3n de los servicios de JOYERIA PAQUILLO. Con respecto a la informaci\u00f3n de los contenidos de las redes sociales JOYERIA PAQUILLO no se hace responsable en ning\u00fan caso de la veracidad, exactitud, adecuaci\u00f3n, idoneidad, y actualizaci\u00f3n de la informaci\u00f3n suministrada a trav\u00e9s de las mismas. Los contenidos establecidos en las redes sociales son exclusivamente informativos, por lo que no se responsabiliza de las decisiones tomadas por el Usuario a partir de las mismas, ni de los da\u00f1os y perjuicios producidos en el Usuario o en terceros con base en esta informaci\u00f3n. JOYERIA PAQUILLO procurar\u00e1 fomentar la calidad de las informaciones a trav\u00e9s de la subsanaci\u00f3n de errores en datos recibidos, as\u00ed como, en la administraci\u00f3n de los sitios, y posibilitar\u00e1 que terceros usuarios puedan reportar denuncias sobre comentarios ofensivos e improcedentes que no tengan que ver con los temas tratados, fotos publicadas o v\u00eddeos igualmente no relacionados con los temas a los que se destina las anteriores Redes sociales y Comunidades. En estos casos, JOYERIA PAQUILLO como administrador de las redes, tendr\u00e1 la potestad de borrar toda informaci\u00f3n que no se ajuste a la calidad, objeto y buen servicio informativo y l\u00fadico de las redes sociales. No obstante, pese a la intenci\u00f3n de procurar la m\u00e1xima calidad de contenidos, no se har\u00e1 responsable de las informaciones referidas. Se informa que el acceso a<\/p>","protected":false},"author":1,"featured_media":0,"parent":0,"menu_order":0,"comment_status":"closed","ping_status":"closed","template":"elementor_canvas","meta":{"_eb_attr":"","footnotes":""},"class_list":["post-3","page","type-page","status-publish","hentry"],"_links":{"self":[{"href":"https:\/\/joyeriapaquillo.com\/en\/wp-json\/wp\/v2\/pages\/3","targetHints":{"allow":["GET"]}}],"collection":[{"href":"https:\/\/joyeriapaquillo.com\/en\/wp-json\/wp\/v2\/pages"}],"about":[{"href":"https:\/\/joyeriapaquillo.com\/en\/wp-json\/wp\/v2\/types\/page"}],"author":[{"embeddable":true,"href":"https:\/\/joyeriapaquillo.com\/en\/wp-json\/wp\/v2\/users\/1"}],"replies":[{"embeddable":true,"href":"https:\/\/joyeriapaquillo.com\/en\/wp-json\/wp\/v2\/comments?post=3"}],"version-history":[{"count":23,"href":"https:\/\/joyeriapaquillo.com\/en\/wp-json\/wp\/v2\/pages\/3\/revisions"}],"predecessor-version":[{"id":1244,"href":"https:\/\/joyeriapaquillo.com\/en\/wp-json\/wp\/v2\/pages\/3\/revisions\/1244"}],"wp:attachment":[{"href":"https:\/\/joyeriapaquillo.com\/en\/wp-json\/wp\/v2\/media?parent=3"}],"curies":[{"name":"wp","href":"https:\/\/api.w.org\/{rel}","templated":true}]}}