{"id":1170,"date":"2025-09-02T09:41:35","date_gmt":"2025-09-02T09:41:35","guid":{"rendered":"https:\/\/joyeriapaquillo.com\/?page_id=1170"},"modified":"2025-09-02T09:44:48","modified_gmt":"2025-09-02T09:44:48","slug":"politica-de-cookies","status":"publish","type":"page","link":"https:\/\/joyeriapaquillo.com\/en\/politica-de-cookies\/","title":{"rendered":"Pol\u00edtica de cookies"},"content":{"rendered":"<div data-elementor-type=\"wp-page\" data-elementor-id=\"1170\" class=\"elementor elementor-1170\">\n\t\t\t\t<div class=\"elementor-element elementor-element-cb86d06 e-flex e-con-boxed wpr-particle-no wpr-jarallax-no wpr-parallax-no wpr-sticky-section-no e-con e-parent\" data-id=\"cb86d06\" data-element_type=\"container\">\n\t\t\t\t\t<div class=\"e-con-inner\">\n\t\t\t\t<div class=\"elementor-element elementor-element-5359aa1 elementor-widget elementor-widget-heading\" data-id=\"5359aa1\" data-element_type=\"widget\" data-widget_type=\"heading.default\">\n\t\t\t\t\t<h1 class=\"elementor-heading-title elementor-size-default\">Pol\u00edtica de cookies<\/h1>\t\t\t\t<\/div>\n\t\t\t\t<div class=\"elementor-element elementor-element-ed89f3d elementor-widget elementor-widget-text-editor\" data-id=\"ed89f3d\" data-element_type=\"widget\" data-widget_type=\"text-editor.default\">\n\t\t\t\t\t\t\t\t\t<p>Joyer\u00eda Paquillo informa acerca del uso de las cookies en su p\u00e1gina web.<\/p><p>\u00bfQu\u00e9 son las cookies?<br \/>Las cookies son archivos que se pueden descargar en su equipo a trav\u00e9s de las p\u00e1ginas web. Son herramientas que tienen un papel esencial para la prestaci\u00f3n de numerosos servicios de la sociedad de la informaci\u00f3n. Entre otros, permiten a una p\u00e1gina web almacenar y recuperar informaci\u00f3n sobre los h\u00e1bitos de navegaci\u00f3n de un usuario o de su equipo y, dependiendo de la informaci\u00f3n obtenida, se pueden utilizar para reconocer al usuario y mejorar el servicio ofrecido.<\/p><p>Tipos de cookies<br \/>Seg\u00fan quien sea la entidad que gestione el dominio desde donde se env\u00edan las cookies y trate los datos que se obtengan se pueden distinguir dos tipos:<\/p><p>Cookies propias: Aqu\u00e9llas que se env\u00edan al equipo terminal del usuario desde un equipo o dominio gestionado por el propio editor y desde el que se presta el servicio solicitado por el usuario.<br \/>Cookies de terceros: Aqu\u00e9llas que se env\u00edan al equipo terminal del usuario desde un equipo o dominio que no es gestionado por el editor, sino por otra entidad que trata los datos obtenidos trav\u00e9s de las cookies.<br \/>En el caso de que las cookies sean instaladas desde un equipo o dominio gestionado por el propio editor pero la informaci\u00f3n que se recoja mediante \u00e9stas sea gestionada por un tercero, no pueden ser consideradas como cookies propias.<\/p><p>Existe tambi\u00e9n una segunda clasificaci\u00f3n seg\u00fan el plazo de tiempo que permanecen almacenadas en el navegador del cliente, pudiendo tratarse de:<\/p><p>Cookies de sesi\u00f3n: Dise\u00f1adas para recabar y almacenar datos mientras el usuario accede a una p\u00e1gina web. Se suelen emplear para almacenar informaci\u00f3n que solo interesa conservar para la prestaci\u00f3n del servicio solicitado por el usuario en una sola ocasi\u00f3n (p.e. una lista de productos adquiridos).<br \/>Cookies persistentes: Los datos siguen almacenados en el terminal y pueden ser accedidos y tratados durante un periodo definido por el responsable de la cookie, y que puede ir de unos minutos a varios a\u00f1os.<br \/>Por \u00faltimo, existe otra clasificaci\u00f3n con seis tipos de cookies seg\u00fan la finalidad para la que se traten los datos obtenidos:<\/p><p>Cookies t\u00e9cnicas: Aquellas que permiten al usuario la navegaci\u00f3n a trav\u00e9s de una p\u00e1gina web, plataforma o aplicaci\u00f3n y la utilizaci\u00f3n de las diferentes opciones o servicios que en ella existan como, por ejemplo, controlar el tr\u00e1fico y la comunicaci\u00f3n de datos, identificar la sesi\u00f3n, acceder a partes de acceso restringido, recordar los elementos que integran un pedido, realizar el proceso de compra de un pedido, realizar la solicitud de inscripci\u00f3n o participaci\u00f3n en un evento, utilizar elementos de seguridad durante la navegaci\u00f3n, almacenar contenidos para la difusi\u00f3n de v\u00eddeos o sonido o compartir contenidos a trav\u00e9s de redes sociales.<br \/>Cookies de personalizaci\u00f3n: Permiten al usuario acceder al servicio con algunas caracter\u00edsticas de car\u00e1cter general predefinidas en funci\u00f3n de una serie de criterios en el terminal del usuario como por ejemplo serian el idioma, el tipo de navegador a trav\u00e9s del cual accede al servicio, la configuraci\u00f3n regional desde donde accede al servicio, etc.<br \/>Cookies de an\u00e1lisis: Permiten al responsable de las mismas, el seguimiento y an\u00e1lisis del comportamiento de los usuarios de los sitios web a los que est\u00e1n vinculadas. La informaci\u00f3n recogida mediante este tipo de cookies se utiliza en la medici\u00f3n de la actividad de los sitios web, aplicaci\u00f3n o plataforma y para la elaboraci\u00f3n de perfiles de navegaci\u00f3n de los usuarios de dichos sitios, aplicaciones y plataformas, con el fin de introducir mejoras en funci\u00f3n del an\u00e1lisis de los datos de uso que hacen los usuarios del servicio.<br \/>Cookies publicitarias: Permiten la gesti\u00f3n, de la forma m\u00e1s eficaz posible, de los espacios publicitarios.<br \/>Cookies de publicidad comportamental: Almacenan informaci\u00f3n del comportamiento de los usuarios obtenida a trav\u00e9s de la observaci\u00f3n continuada de sus h\u00e1bitos de navegaci\u00f3n, lo que permite desarrollar un perfil espec\u00edfico para mostrar publicidad en funci\u00f3n del mismo.<br \/>Cookies de redes sociales externas: Se utilizan para que los visitantes puedan interactuar con el contenido de diferentes plataformas sociales (Facebook, Youtube, Twitter, Linkedin, etc.) y que se generen \u00fanicamente para los usuarios de dichas redes sociales. Las condiciones de utilizaci\u00f3n de estas cookies y la informaci\u00f3n recopilada se regulan por la pol\u00edtica de privacidad de la plataforma social correspondiente.<\/p><p>Desactivaci\u00f3n y eliminaci\u00f3n de cookies<br \/>Tienes la opci\u00f3n de permitir, bloquear o eliminar las cookies instaladas en tu equipo mediante la configuraci\u00f3n de las opciones del navegador instalado en su equipo. Al desactivar cookies, algunos de los servicios disponibles podr\u00edan dejar de estar operativos. La forma de deshabilitar las cookies es diferente para cada navegador, pero normalmente puede hacerse desde el men\u00fa Herramientas u Opciones. Tambi\u00e9n puede consultarse el men\u00fa de Ayuda del navegador d\u00f3nde puedes encontrar instrucciones. El usuario podr\u00e1 en cualquier momento elegir qu\u00e9 cookies quiere que funcionen en este sitio web.<\/p><p>Puede usted permitir, bloquear o eliminar las cookies instaladas en su equipo mediante la configuraci\u00f3n de las opciones del navegador instalado en su ordenador:<\/p><p>Microsoft Internet Explorer o Microsoft Edge: http:\/\/windows.microsoft.com\/es-es\/windows-vista\/Block-or-allow-cookies<br \/>Mozilla Firefox: http:\/\/support.mozilla.org\/es\/kb\/impedir-que-los-sitios-web-guarden-sus-preferencia<br \/>Chrome: https:\/\/support.google.com\/accounts\/answer\/61416?hl=es<br \/>Safari: http:\/\/safari.helpmax.net\/es\/privacidad-y-seguridad\/como-gestionar-las-cookies\/<br \/>Opera: http:\/\/help.opera.com\/Linux\/10.60\/es-ES\/cookies.html<br \/>Adem\u00e1s, tambi\u00e9n puede gestionar el almac\u00e9n de cookies en su navegador a trav\u00e9s de herramientas como las siguientes<\/p><p>Ghostery: ghostery.com\/<br \/>Your Online Choices: youronlinechoices.com\/es\/<\/p><p>Cookies utilizadas en www.joyeriapaquillo.com<br \/>El sitio Web de Joyer\u00eda Paquillo utiliza cookies para el correcto funcionamiento y visualizaci\u00f3n de los sitios Web por parte del usuario, as\u00ed como la recogida de estad\u00edsticas. En concreto, se utilizan las siguientes cookies:<\/p><table class=\"t1\" cellspacing=\"0\" cellpadding=\"0\"><tbody><tr><td class=\"td7\" valign=\"middle\"><p class=\"p6\"><span class=\"s1\"><b>Nombre<\/b><\/span><\/p><\/td><td class=\"td8\" valign=\"middle\"><p class=\"p6\"><span class=\"s1\"><b>Proveedor<\/b><\/span><\/p><\/td><td class=\"td9\" valign=\"middle\"><p class=\"p6\"><span class=\"s1\"><b>Finalidad<\/b><\/span><\/p><\/td><td class=\"td9\" valign=\"middle\"><p class=\"p6\"><span class=\"s1\"><b>Duraci\u00f3n<\/b><\/span><\/p><\/td><td class=\"td10\" valign=\"middle\"><p class=\"p6\"><span class=\"s1\"><b>Tipo<\/b><\/span><\/p><\/td><\/tr><tr><td class=\"td11\" valign=\"top\">YSC<\/td><td class=\"td12\" valign=\"top\">Propia<\/td><td class=\"td13\" valign=\"top\">Youtube establece estas cookies y se utiliza para rastrear las vistas de videos incrustados.<\/td><td class=\"td13\" valign=\"top\">Sesi\u00f3n<\/td><td class=\"td14\" valign=\"top\">HTTP<\/td><\/tr><tr><td class=\"td11\" valign=\"top\"><span class=\"s1\">_gid<\/span><\/td><td class=\"td12\" valign=\"top\">Google<\/td><td class=\"td13\" valign=\"top\"><p class=\"p6\"><span class=\"s1\">Esta cookie es instalada por Google Analytics. La cookie se utiliza para almacenar informaci\u00f3n sobre c\u00f3mo los visitantes usan un sitio web y ayuda a crear un informe anal\u00edtico de c\u00f3mo est\u00e1 funcionando el sitio web. Los datos recopilados, incluido el n\u00famero de visitantes, la fuente de donde provienen y las p\u00e1ginas visitadas de forma an\u00f3nima.<\/span><\/p><\/td><td class=\"td13\" valign=\"top\">1 d\u00eda<\/td><td class=\"td14\" valign=\"top\">HTTP<\/td><\/tr><tr><td class=\"td11\" valign=\"top\"><span class=\"s1\">_ga<\/span><\/td><td class=\"td12\" valign=\"top\">Google<\/td><td class=\"td13\" valign=\"top\"><p class=\"p6\"><span class=\"s1\">Esta cookie es instalada por Google Analytics. La cookie se utiliza para calcular los datos de visitantes, sesiones y campa\u00f1as y realizar un seguimiento del uso del sitio para el informe de an\u00e1lisis del sitio. Las cookies almacenan informaci\u00f3n de forma an\u00f3nima y asignan un n\u00famero generado aleatoriamente para identificar visitantes \u00fanicos.<\/span><\/p><\/td><td class=\"td13\" valign=\"top\">2 a\u00f1os<\/td><td class=\"td14\" valign=\"top\">HTTP<\/td><\/tr><tr><td class=\"td11\" valign=\"top\">test_cookie<\/td><td class=\"td12\" valign=\"top\">doubleclick.net<\/td><td class=\"td13\" valign=\"top\"><p class=\"p6\"><span class=\"s1\">Esta cookie la establece doubleclick.net. El prop\u00f3sito de la cookie es determinar si el navegador del usuario admite cookies.<\/span><\/p><\/td><td class=\"td13\" valign=\"top\">15 minutos<\/td><td class=\"td14\" valign=\"top\">HTTP<\/td><\/tr><tr><td class=\"td11\" valign=\"top\">IDE<\/td><td class=\"td12\" valign=\"top\">doubleclick.net<\/td><td class=\"td13\" valign=\"top\"><p class=\"p6\"><span class=\"s1\">Utilizado por Google DoubleClick y almacena informaci\u00f3n sobre c\u00f3mo el usuario utiliza el sitio web y cualquier otro anuncio antes de visitar el sitio web. Se utiliza para presentar a los usuarios anuncios que son relevantes para ellos de acuerdo con el perfil del usuario.<\/span><\/p><\/td><td class=\"td13\" valign=\"top\">1 a\u00f1o 24 d\u00edas<\/td><td class=\"td14\" valign=\"top\">HTTP<\/td><\/tr><tr><td class=\"td11\" valign=\"top\">VISITOR_INFO1_LIVE<\/td><td class=\"td12\" valign=\"top\">YouTube<\/td><td class=\"td13\" valign=\"top\"><p class=\"p6\"><span class=\"s1\">Youtube establece esta cookie. Se utiliza para rastrear la informaci\u00f3n de los videos de YouTube incrustados en un sitio web.<\/span><\/p><\/td><td class=\"td13\" valign=\"top\">5 meses 27 d\u00edas<\/td><td class=\"td14\" valign=\"top\">HTTP<\/td><\/tr><tr><td class=\"td11\" valign=\"top\">__cfduid<\/td><td class=\"td12\" valign=\"top\">Propia<\/td><td class=\"td13\" valign=\"top\"><p class=\"p6\"><span class=\"s1\">La cookie es utilizada por servicios cdn como CloudFare para identificar clientes individuales detr\u00e1s de una direcci\u00f3n IP compartida y aplicar configuraciones de seguridad por cliente. No corresponde a ning\u00fan ID de usuario en la aplicaci\u00f3n web y no almacena ninguna informaci\u00f3n de identificaci\u00f3n personal.<\/span><\/p><\/td><td class=\"td13\" valign=\"top\">1 mes<\/td><td class=\"td14\" valign=\"top\">HTTP<\/td><\/tr><tr><td class=\"td11\" valign=\"top\"><span class=\"s1\">_gat<\/span><\/td><td class=\"td12\" valign=\"top\">Google<\/td><td class=\"td13\" valign=\"top\"><p class=\"p6\"><span class=\"s1\">Utilizado por Google Analytics para controlar la tasa de peticiones<\/span><\/p><\/td><td class=\"td13\" valign=\"top\">1 minuto<\/td><td class=\"td14\" valign=\"top\">HTTP<\/td><\/tr><tr><td class=\"td11\" valign=\"top\">CookieConsent<\/td><td class=\"td12\" valign=\"top\">Propia<\/td><td class=\"td13\" valign=\"top\">Almacena el estado de consentimiento de cookies del usuario para el dominio actual<\/td><td class=\"td13\" valign=\"top\">1 a\u00f1o<\/td><td class=\"td14\" valign=\"top\">HTTP<\/td><\/tr><\/tbody><\/table><p>Aceptaci\u00f3n de la Pol\u00edtica de cookies<\/p><p>www.joyeriapaquillo.com asume que usted acepta el uso de cookies. No obstante, muestra informaci\u00f3n sobre su Pol\u00edtica de cookies en la parte inferior o superior de cualquier p\u00e1gina del portal con cada inicio de sesi\u00f3n con el objeto de que usted sea consciente.<\/p><p>Ante esta informaci\u00f3n es posible llevar a cabo las siguientes acciones:<\/p><p>Aceptar cookies: No se volver\u00e1 a visualizar este aviso al acceder a cualquier p\u00e1gina del portal durante la presente sesi\u00f3n.<br \/>Cerrar: Se oculta el aviso en la presente p\u00e1gina.<br \/>Modificar su configuraci\u00f3n: Podr\u00e1 obtener m\u00e1s informaci\u00f3n sobre qu\u00e9 son las cookies, conocer la Pol\u00edtica de cookies de: www.joyeriapaquillo.com y modificar la configuraci\u00f3n de su navegador.<\/p>\t\t\t\t\t\t\t\t<\/div>\n\t\t\t\t\t<\/div>\n\t\t\t\t<\/div>\n\t\t\t\t<\/div>","protected":false},"excerpt":{"rendered":"<p>Pol\u00edtica de cookies Joyer\u00eda Paquillo informa acerca del uso de las cookies en su p\u00e1gina web. \u00bfQu\u00e9 son las cookies?Las cookies son archivos que se pueden descargar en su equipo a trav\u00e9s de las p\u00e1ginas web. Son herramientas que tienen un papel esencial para la prestaci\u00f3n de numerosos servicios de la sociedad de la informaci\u00f3n. Entre otros, permiten a una p\u00e1gina web almacenar y recuperar informaci\u00f3n sobre los h\u00e1bitos de navegaci\u00f3n de un usuario o de su equipo y, dependiendo de la informaci\u00f3n obtenida, se pueden utilizar para reconocer al usuario y mejorar el servicio ofrecido. Tipos de cookiesSeg\u00fan quien sea la entidad que gestione el dominio desde donde se env\u00edan las cookies y trate los datos que se obtengan se pueden distinguir dos tipos: Cookies propias: Aqu\u00e9llas que se env\u00edan al equipo terminal del usuario desde un equipo o dominio gestionado por el propio editor y desde el que se presta el servicio solicitado por el usuario.Cookies de terceros: Aqu\u00e9llas que se env\u00edan al equipo terminal del usuario desde un equipo o dominio que no es gestionado por el editor, sino por otra entidad que trata los datos obtenidos trav\u00e9s de las cookies.En el caso de que las cookies sean instaladas desde un equipo o dominio gestionado por el propio editor pero la informaci\u00f3n que se recoja mediante \u00e9stas sea gestionada por un tercero, no pueden ser consideradas como cookies propias. Existe tambi\u00e9n una segunda clasificaci\u00f3n seg\u00fan el plazo de tiempo que permanecen almacenadas en el navegador del cliente, pudiendo tratarse de: Cookies de sesi\u00f3n: Dise\u00f1adas para recabar y almacenar datos mientras el usuario accede a una p\u00e1gina web. Se suelen emplear para almacenar informaci\u00f3n que solo interesa conservar para la prestaci\u00f3n del servicio solicitado por el usuario en una sola ocasi\u00f3n (p.e. una lista de productos adquiridos).Cookies persistentes: Los datos siguen almacenados en el terminal y pueden ser accedidos y tratados durante un periodo definido por el responsable de la cookie, y que puede ir de unos minutos a varios a\u00f1os.Por \u00faltimo, existe otra clasificaci\u00f3n con seis tipos de cookies seg\u00fan la finalidad para la que se traten los datos obtenidos: Cookies t\u00e9cnicas: Aquellas que permiten al usuario la navegaci\u00f3n a trav\u00e9s de una p\u00e1gina web, plataforma o aplicaci\u00f3n y la utilizaci\u00f3n de las diferentes opciones o servicios que en ella existan como, por ejemplo, controlar el tr\u00e1fico y la comunicaci\u00f3n de datos, identificar la sesi\u00f3n, acceder a partes de acceso restringido, recordar los elementos que integran un pedido, realizar el proceso de compra de un pedido, realizar la solicitud de inscripci\u00f3n o participaci\u00f3n en un evento, utilizar elementos de seguridad durante la navegaci\u00f3n, almacenar contenidos para la difusi\u00f3n de v\u00eddeos o sonido o compartir contenidos a trav\u00e9s de redes sociales.Cookies de personalizaci\u00f3n: Permiten al usuario acceder al servicio con algunas caracter\u00edsticas de car\u00e1cter general predefinidas en funci\u00f3n de una serie de criterios en el terminal del usuario como por ejemplo serian el idioma, el tipo de navegador a trav\u00e9s del cual accede al servicio, la configuraci\u00f3n regional desde donde accede al servicio, etc.Cookies de an\u00e1lisis: Permiten al responsable de las mismas, el seguimiento y an\u00e1lisis del comportamiento de los usuarios de los sitios web a los que est\u00e1n vinculadas. La informaci\u00f3n recogida mediante este tipo de cookies se utiliza en la medici\u00f3n de la actividad de los sitios web, aplicaci\u00f3n o plataforma y para la elaboraci\u00f3n de perfiles de navegaci\u00f3n de los usuarios de dichos sitios, aplicaciones y plataformas, con el fin de introducir mejoras en funci\u00f3n del an\u00e1lisis de los datos de uso que hacen los usuarios del servicio.Cookies publicitarias: Permiten la gesti\u00f3n, de la forma m\u00e1s eficaz posible, de los espacios publicitarios.Cookies de publicidad comportamental: Almacenan informaci\u00f3n del comportamiento de los usuarios obtenida a trav\u00e9s de la observaci\u00f3n continuada de sus h\u00e1bitos de navegaci\u00f3n, lo que permite desarrollar un perfil espec\u00edfico para mostrar publicidad en funci\u00f3n del mismo.Cookies de redes sociales externas: Se utilizan para que los visitantes puedan interactuar con el contenido de diferentes plataformas sociales (Facebook, Youtube, Twitter, Linkedin, etc.) y que se generen \u00fanicamente para los usuarios de dichas redes sociales. Las condiciones de utilizaci\u00f3n de estas cookies y la informaci\u00f3n recopilada se regulan por la pol\u00edtica de privacidad de la plataforma social correspondiente. Desactivaci\u00f3n y eliminaci\u00f3n de cookiesTienes la opci\u00f3n de permitir, bloquear o eliminar las cookies instaladas en tu equipo mediante la configuraci\u00f3n de las opciones del navegador instalado en su equipo. Al desactivar cookies, algunos de los servicios disponibles podr\u00edan dejar de estar operativos. La forma de deshabilitar las cookies es diferente para cada navegador, pero normalmente puede hacerse desde el men\u00fa Herramientas u Opciones. Tambi\u00e9n puede consultarse el men\u00fa de Ayuda del navegador d\u00f3nde puedes encontrar instrucciones. El usuario podr\u00e1 en cualquier momento elegir qu\u00e9 cookies quiere que funcionen en este sitio web. Puede usted permitir, bloquear o eliminar las cookies instaladas en su equipo mediante la configuraci\u00f3n de las opciones del navegador instalado en su ordenador: Microsoft Internet Explorer o Microsoft Edge: http:\/\/windows.microsoft.com\/es-es\/windows-vista\/Block-or-allow-cookiesMozilla Firefox: http:\/\/support.mozilla.org\/es\/kb\/impedir-que-los-sitios-web-guarden-sus-preferenciaChrome: https:\/\/support.google.com\/accounts\/answer\/61416?hl=esSafari: http:\/\/safari.helpmax.net\/es\/privacidad-y-seguridad\/como-gestionar-las-cookies\/Opera: http:\/\/help.opera.com\/Linux\/10.60\/es-ES\/cookies.htmlAdem\u00e1s, tambi\u00e9n puede gestionar el almac\u00e9n de cookies en su navegador a trav\u00e9s de herramientas como las siguientes Ghostery: ghostery.com\/Your Online Choices: youronlinechoices.com\/es\/ Cookies utilizadas en www.joyeriapaquillo.comEl sitio Web de Joyer\u00eda Paquillo utiliza cookies para el correcto funcionamiento y visualizaci\u00f3n de los sitios Web por parte del usuario, as\u00ed como la recogida de estad\u00edsticas. En concreto, se utilizan las siguientes cookies: Nombre Proveedor Finalidad Duraci\u00f3n Tipo YSC Propia Youtube establece estas cookies y se utiliza para rastrear las vistas de videos incrustados. Sesi\u00f3n HTTP _gid Google Esta cookie es instalada por Google Analytics. La cookie se utiliza para almacenar informaci\u00f3n sobre c\u00f3mo los visitantes usan un sitio web y ayuda a crear un informe anal\u00edtico de c\u00f3mo est\u00e1 funcionando el sitio web. Los datos recopilados, incluido el n\u00famero de visitantes, la fuente de donde provienen y las p\u00e1ginas visitadas de forma an\u00f3nima. 1 d\u00eda HTTP _ga Google Esta cookie es instalada por Google Analytics. La cookie se utiliza para calcular los datos de visitantes, sesiones y campa\u00f1as y realizar<\/p>","protected":false},"author":1,"featured_media":0,"parent":0,"menu_order":0,"comment_status":"closed","ping_status":"closed","template":"elementor_canvas","meta":{"_eb_attr":"","footnotes":""},"class_list":["post-1170","page","type-page","status-publish","hentry"],"_links":{"self":[{"href":"https:\/\/joyeriapaquillo.com\/en\/wp-json\/wp\/v2\/pages\/1170","targetHints":{"allow":["GET"]}}],"collection":[{"href":"https:\/\/joyeriapaquillo.com\/en\/wp-json\/wp\/v2\/pages"}],"about":[{"href":"https:\/\/joyeriapaquillo.com\/en\/wp-json\/wp\/v2\/types\/page"}],"author":[{"embeddable":true,"href":"https:\/\/joyeriapaquillo.com\/en\/wp-json\/wp\/v2\/users\/1"}],"replies":[{"embeddable":true,"href":"https:\/\/joyeriapaquillo.com\/en\/wp-json\/wp\/v2\/comments?post=1170"}],"version-history":[{"count":4,"href":"https:\/\/joyeriapaquillo.com\/en\/wp-json\/wp\/v2\/pages\/1170\/revisions"}],"predecessor-version":[{"id":1175,"href":"https:\/\/joyeriapaquillo.com\/en\/wp-json\/wp\/v2\/pages\/1170\/revisions\/1175"}],"wp:attachment":[{"href":"https:\/\/joyeriapaquillo.com\/en\/wp-json\/wp\/v2\/media?parent=1170"}],"curies":[{"name":"wp","href":"https:\/\/api.w.org\/{rel}","templated":true}]}}