{"id":1165,"date":"2025-09-02T09:37:03","date_gmt":"2025-09-02T09:37:03","guid":{"rendered":"https:\/\/joyeriapaquillo.com\/?page_id=1165"},"modified":"2025-09-05T07:53:02","modified_gmt":"2025-09-05T07:53:02","slug":"politica-de-privacidad","status":"publish","type":"page","link":"https:\/\/joyeriapaquillo.com\/en\/politica-de-privacidad\/","title":{"rendered":"Pol\u00edtica de privacidad"},"content":{"rendered":"<div data-elementor-type=\"wp-page\" data-elementor-id=\"1165\" class=\"elementor elementor-1165\">\n\t\t\t\t<div class=\"elementor-element elementor-element-a9089f3 e-flex e-con-boxed wpr-particle-no wpr-jarallax-no wpr-parallax-no wpr-sticky-section-no e-con e-parent\" data-id=\"a9089f3\" data-element_type=\"container\">\n\t\t\t\t\t<div class=\"e-con-inner\">\n\t\t\t\t<div class=\"elementor-element elementor-element-8b658c6 elementor-widget elementor-widget-heading\" data-id=\"8b658c6\" data-element_type=\"widget\" data-widget_type=\"heading.default\">\n\t\t\t\t\t<h1 class=\"elementor-heading-title elementor-size-default\">Pol\u00edtica de Privacidad<\/h1>\t\t\t\t<\/div>\n\t\t\t\t<div class=\"elementor-element elementor-element-29af9d5 elementor-widget elementor-widget-text-editor\" data-id=\"29af9d5\" data-element_type=\"widget\" data-widget_type=\"text-editor.default\">\n\t\t\t\t\t\t\t\t\t<p>A efecto de lo previsto en el Reglamento General de Protecci\u00f3n de Datos de la Uni\u00f3n Europea 2016\/679 de 27 de abril de 2016 y la Ley Org\u00e1nica 3\/2018, de 5 de diciembre, de Protecci\u00f3n de Datos de Car\u00e1cter Personal JOYERIA PAQUILLO con CIF\/DNI B34117218 , en adelante JOYERIA PAQUILLO informa al Usuario de la existencia del tratamiento de los datos de car\u00e1cter personal con la finalidad de realizar la gesti\u00f3n de la relaci\u00f3n con los usuarios, clientes y potenciales para informaci\u00f3n y venta de colecciones exclusivas de Joyer\u00eda Paquillo y noticias.<\/p><p>ENVIO Y REGISTRO DE DATOS DE CAR\u00c1CTER PERSONAL<\/p><p>El env\u00edo de datos de car\u00e1cter personal es obligatorio para contactar y recibir informaci\u00f3n sobre los productos y servicios de JOYERIA PAQUILLO, debiendo suscribirse expresamente en nuestra newsletter si quiere que le mantengamos informado peri\u00f3dicamente de todos los productos y novedades.<\/p><p>El no facilitar los datos personales solicitados o el no aceptar la presente pol\u00edtica de protecci\u00f3n de datos supone la imposibilidad de suscribirse, registrarse o recibir informaci\u00f3n de los productos y servicios de JOYERIA PAQUILLO.<\/p><p>De acuerdo a lo establecido en el Reglamento General de Protecci\u00f3n de Datos de la Uni\u00f3n Europea 2016\/679 de 27 de abril de 2016 relativo a la protecci\u00f3n de las personas f\u00edsicas en lo que respecta al tratamiento de datos personales y a la libre circulaci\u00f3n de estos datos, y la Ley Org\u00e1nica 3\/2018, de 5 de diciembre, de Protecci\u00f3n de Datos de Car\u00e1cter Personal, le informamos que los datos personales que se obtengan como consecuencia de su env\u00edo de datos personales, ser\u00e1n objeto de tratamiento por JOYERIA PAQUILLO con domicilio en C. Col\u00f3n, 5 &#8211; 7, 34002 Palencia, teniendo implementadas las medidas de seguridad necesarias para garantizar la privacidad.<\/p><p>EXACTITUD Y VERACIDAD DE LOS DATOS FACILITADOS<\/p><p>El Usuario que env\u00eda la informaci\u00f3n a JOYERIA PAQUILLO es el \u00fanico responsable de la veracidad y correcci\u00f3n de los datos incluidos, exoner\u00e1ndose JOYERIA PAQUILLO de cualquier responsabilidad al respecto.<\/p><p>Los usuarios garantizan y responden, en cualquier caso, de la exactitud, vigencia y autenticidad de los datos personales facilitados, y se comprometen a mantenerlos debidamente actualizados.<\/p><p>El usuario acepta proporcionar informaci\u00f3n completa y correcta en el formulario de registro o suscripci\u00f3n.<\/p><p>JOYERIA PAQUILLO no responde de la veracidad de las informaciones que no sean de elaboraci\u00f3n propia y de las que se indique otra fuente, por lo que tampoco asume responsabilidad alguna en cuanto a hipot\u00e9ticos perjuicios que pudieran originarse por el uso de dicha informaci\u00f3n.<\/p><p>Se exonera a JOYERIA PAQUILLO de responsabilidad ante cualquier da\u00f1o o perjuicio que pudiera sufrir el Usuario como consecuencia de errores, defectos u omisiones, en la informaci\u00f3n facilitada por JOYERIA PAQUILLO siempre que proceda de fuentes ajenas a JOYERIA PAQUILLO.<\/p><p>FINALIDADES<br \/>Las finalidades de la recogida de datos son la prestaci\u00f3n de informaci\u00f3n y venta de colecciones exclusivas de Joyer\u00eda Paquillo; y posterior puesta en contacto con la persona usuaria de JOYERIA PAQUILLO.<\/p><p>COMUNICACION DE DATOS A TERCEROS<\/p><p>JOYERIA PAQUILLO no comunicar\u00e1 los datos de los usuarios a terceros. No obstante, en el caso de ser cedidos a alguna empresa se producir\u00eda una informaci\u00f3n previa a la recogida solicitando el consentimiento expreso del afectado.<\/p><p>EJERCICIO DE DERECHOS<\/p><p>Acceso, Rectificaci\u00f3n, Supresi\u00f3n y Oposici\u00f3n, Limitaci\u00f3n del Tratamiento, Portabilidad de Datos (art. 15, 16, 17, 18, 19, 20, 21, 22 y 23 RGPD, art. 12, 13, 14, 15, 16, 17, 18, 93, 94 y 95 LOPDGDD)<\/p><p>Podr\u00e1 dirigir sus comunicaciones, revocar el consentimiento prestado y ejercitar el derecho de acceso a sus datos personales obteniendo copia de los mismos. El derecho de rectificaci\u00f3n de datos inexactos o incompletos. El derecho de supresi\u00f3n de sus datos personales. El derecho de retirada de sus datos personales de su p\u00e1gina web. El derecho de oposici\u00f3n al tratamiento de sus datos personales. El derecho de limitaci\u00f3n del tratamiento de sus datos personales. Y el derecho a la portabilidad de sus datos personales automatizados por correo: dirigido a JOYERIA PAQUILLO, C. Col\u00f3n, 5 &#8211; 7, 34002 Palencia. Para ejercer dichos derechos y en cumplimiento de la Instrucci\u00f3n 1\/1998, de 19 de enero, de la Agencia Espa\u00f1ola de Protecci\u00f3n de Datos, es necesario que usted acredite su personalidad frente a JOYERIA PAQUILLO mediante el env\u00edo de fotocopia de Documento Nacional de Identidad o cualquier otro medio v\u00e1lido en Derecho.<\/p><p>Los interesados tienen derecho a reclamar ante la autoridad de control<\/p><p>PLAZO DE CONSERVACI\u00d3N DE LOS DATOS<\/p><p>Los datos personales de la persona usuaria ser\u00e1n tratados de forma activa mientras ostente la condici\u00f3n de Usuario de www.joyeriapaquillo.com; es decir, mientras no revoque su consentimiento o no ejerza su derecho de cancelaci\u00f3n, supresi\u00f3n u oposici\u00f3n a alguna finalidad en concreto.<\/p><p>En caso de revocar su consentimiento o ejercer los derechos de cancelaci\u00f3n o supresi\u00f3n, sus datos ser\u00e1n bloqueados y conservados de forma restringida a disposici\u00f3n de las autoridades competentes durante un plazo de 3 a\u00f1os para atender a las posibles responsabilidades nacidas del tratamiento.<\/p><p>LEGITIMACI\u00d3N PARA EL TRATAMIENTO DE LOS DATOS<\/p><p>El registro en www.joyeriapaquillo.com es libre y voluntario para el Usuario, por lo que la base legitimadora del tratamiento de sus datos personales es su consentimiento.<\/p><p>ACEPTACION Y CONSENTIMIENTO<\/p><p>El uso de la web le otorga la condici\u00f3n de usuario del mismo (en adelante, el \u201cUsuario\u201d), e implica la aceptaci\u00f3n plena y sin reservas de todas y cada una de las disposiciones incluidas en las condiciones sobre protecci\u00f3n de datos de car\u00e1cter personal, aceptando y consintiendo el tratamiento de los mismos por parte de www.joyeriapaquillo.com, en la forma y para las finalidades indicadas en la presente Pol\u00edtica de Protecci\u00f3n de Datos Personales, en la versi\u00f3n publicada por la \u201cweb\u201d, en el momento mismo en que el Usuario acceda a la misma. Como consecuencia, es deber del Usuario leer detenidamente el presente aviso legal cada vez que utilice la Web, debido a que esta puede sufrir modificaciones.<\/p><p>En relaci\u00f3n con la oferta de servicios de la sociedad de la informaci\u00f3n directamente a un menor, el tratamiento de los datos personales ser\u00e1 l\u00edcito cuando sea mayor de 14 a\u00f1os en virtud de la ley 3\/2018 de 5 de diciembre de 2018. Cuando el ni\u00f1o sea menor, dicho tratamiento s\u00f3lo ser\u00e1 legal si el titular de la responsabilidad parental sobre el ni\u00f1o autoriza su consentimiento, y en la medida en que lo autorice.<\/p><p>MEDIDAS DE SEGURIDAD INFORM\u00c1TICA<\/p><p>JOYERIA PAQUILLO ha adoptado los niveles de seguridad de protecci\u00f3n de los Datos Personales requeridos para garantizar la privacidad de los datos. No obstante, disponemos de otros medios adicionales, como son firewalls de \u00faltima generaci\u00f3n, aparte de medidas t\u00e9cnicas como software para la encriptaci\u00f3n de la informaci\u00f3n confidencial y control de acceso a la informaci\u00f3n de car\u00e1cter personal, usuarios restringidos, pol\u00edticas de seguridad, usuarios y contrase\u00f1as que caducan seg\u00fan exige la LOPD, y otros sistemas orientados a evitar el mal uso, alteraci\u00f3n, acceso no autorizado y robo de los Datos Personales facilitados JOYERIA PAQUILLO.<\/p><p>JOYERIA PAQUILLO no ser\u00e1 responsable de posibles da\u00f1os o perjuicios que se pudieran derivar de interferencias, omisiones, interrupciones, virus inform\u00e1ticos, aver\u00edas telef\u00f3nicas o desconexiones en el funcionamiento operativo de este sistema electr\u00f3nico, motivadas por causas ajenas a JOYERIA PAQUILLO; de retrasos o bloqueos en el uso del presente sistema electr\u00f3nico causados por deficiencias o sobrecargas de l\u00edneas telef\u00f3nicas o sobrecargas en el C.P.D. (Centro de Procesos de Datos), en el sistema de Internet o en otros sistemas electr\u00f3nicos, as\u00ed como de da\u00f1os que puedan ser causados por terceras personas mediante intromisiones ileg\u00edtimas fuera del control de JOYERIA PAQUILLO.<\/p><p>\u00daltima versi\u00f3n 06 mayo 2025<\/p>\t\t\t\t\t\t\t\t<\/div>\n\t\t\t\t\t<\/div>\n\t\t\t\t<\/div>\n\t\t\t\t<\/div>","protected":false},"excerpt":{"rendered":"<p>Pol\u00edtica de Privacidad A efecto de lo previsto en el Reglamento General de Protecci\u00f3n de Datos de la Uni\u00f3n Europea 2016\/679 de 27 de abril de 2016 y la Ley Org\u00e1nica 3\/2018, de 5 de diciembre, de Protecci\u00f3n de Datos de Car\u00e1cter Personal JOYERIA PAQUILLO con CIF\/DNI B34117218 , en adelante JOYERIA PAQUILLO informa al Usuario de la existencia del tratamiento de los datos de car\u00e1cter personal con la finalidad de realizar la gesti\u00f3n de la relaci\u00f3n con los usuarios, clientes y potenciales para informaci\u00f3n y venta de colecciones exclusivas de Joyer\u00eda Paquillo y noticias. ENVIO Y REGISTRO DE DATOS DE CAR\u00c1CTER PERSONAL El env\u00edo de datos de car\u00e1cter personal es obligatorio para contactar y recibir informaci\u00f3n sobre los productos y servicios de JOYERIA PAQUILLO, debiendo suscribirse expresamente en nuestra newsletter si quiere que le mantengamos informado peri\u00f3dicamente de todos los productos y novedades. El no facilitar los datos personales solicitados o el no aceptar la presente pol\u00edtica de protecci\u00f3n de datos supone la imposibilidad de suscribirse, registrarse o recibir informaci\u00f3n de los productos y servicios de JOYERIA PAQUILLO. De acuerdo a lo establecido en el Reglamento General de Protecci\u00f3n de Datos de la Uni\u00f3n Europea 2016\/679 de 27 de abril de 2016 relativo a la protecci\u00f3n de las personas f\u00edsicas en lo que respecta al tratamiento de datos personales y a la libre circulaci\u00f3n de estos datos, y la Ley Org\u00e1nica 3\/2018, de 5 de diciembre, de Protecci\u00f3n de Datos de Car\u00e1cter Personal, le informamos que los datos personales que se obtengan como consecuencia de su env\u00edo de datos personales, ser\u00e1n objeto de tratamiento por JOYERIA PAQUILLO con domicilio en C. Col\u00f3n, 5 &#8211; 7, 34002 Palencia, teniendo implementadas las medidas de seguridad necesarias para garantizar la privacidad. EXACTITUD Y VERACIDAD DE LOS DATOS FACILITADOS El Usuario que env\u00eda la informaci\u00f3n a JOYERIA PAQUILLO es el \u00fanico responsable de la veracidad y correcci\u00f3n de los datos incluidos, exoner\u00e1ndose JOYERIA PAQUILLO de cualquier responsabilidad al respecto. Los usuarios garantizan y responden, en cualquier caso, de la exactitud, vigencia y autenticidad de los datos personales facilitados, y se comprometen a mantenerlos debidamente actualizados. El usuario acepta proporcionar informaci\u00f3n completa y correcta en el formulario de registro o suscripci\u00f3n. JOYERIA PAQUILLO no responde de la veracidad de las informaciones que no sean de elaboraci\u00f3n propia y de las que se indique otra fuente, por lo que tampoco asume responsabilidad alguna en cuanto a hipot\u00e9ticos perjuicios que pudieran originarse por el uso de dicha informaci\u00f3n. Se exonera a JOYERIA PAQUILLO de responsabilidad ante cualquier da\u00f1o o perjuicio que pudiera sufrir el Usuario como consecuencia de errores, defectos u omisiones, en la informaci\u00f3n facilitada por JOYERIA PAQUILLO siempre que proceda de fuentes ajenas a JOYERIA PAQUILLO. FINALIDADESLas finalidades de la recogida de datos son la prestaci\u00f3n de informaci\u00f3n y venta de colecciones exclusivas de Joyer\u00eda Paquillo; y posterior puesta en contacto con la persona usuaria de JOYERIA PAQUILLO. COMUNICACION DE DATOS A TERCEROS JOYERIA PAQUILLO no comunicar\u00e1 los datos de los usuarios a terceros. No obstante, en el caso de ser cedidos a alguna empresa se producir\u00eda una informaci\u00f3n previa a la recogida solicitando el consentimiento expreso del afectado. EJERCICIO DE DERECHOS Acceso, Rectificaci\u00f3n, Supresi\u00f3n y Oposici\u00f3n, Limitaci\u00f3n del Tratamiento, Portabilidad de Datos (art. 15, 16, 17, 18, 19, 20, 21, 22 y 23 RGPD, art. 12, 13, 14, 15, 16, 17, 18, 93, 94 y 95 LOPDGDD) Podr\u00e1 dirigir sus comunicaciones, revocar el consentimiento prestado y ejercitar el derecho de acceso a sus datos personales obteniendo copia de los mismos. El derecho de rectificaci\u00f3n de datos inexactos o incompletos. El derecho de supresi\u00f3n de sus datos personales. El derecho de retirada de sus datos personales de su p\u00e1gina web. El derecho de oposici\u00f3n al tratamiento de sus datos personales. El derecho de limitaci\u00f3n del tratamiento de sus datos personales. Y el derecho a la portabilidad de sus datos personales automatizados por correo: dirigido a JOYERIA PAQUILLO, C. Col\u00f3n, 5 &#8211; 7, 34002 Palencia. Para ejercer dichos derechos y en cumplimiento de la Instrucci\u00f3n 1\/1998, de 19 de enero, de la Agencia Espa\u00f1ola de Protecci\u00f3n de Datos, es necesario que usted acredite su personalidad frente a JOYERIA PAQUILLO mediante el env\u00edo de fotocopia de Documento Nacional de Identidad o cualquier otro medio v\u00e1lido en Derecho. Los interesados tienen derecho a reclamar ante la autoridad de control PLAZO DE CONSERVACI\u00d3N DE LOS DATOS Los datos personales de la persona usuaria ser\u00e1n tratados de forma activa mientras ostente la condici\u00f3n de Usuario de www.joyeriapaquillo.com; es decir, mientras no revoque su consentimiento o no ejerza su derecho de cancelaci\u00f3n, supresi\u00f3n u oposici\u00f3n a alguna finalidad en concreto. En caso de revocar su consentimiento o ejercer los derechos de cancelaci\u00f3n o supresi\u00f3n, sus datos ser\u00e1n bloqueados y conservados de forma restringida a disposici\u00f3n de las autoridades competentes durante un plazo de 3 a\u00f1os para atender a las posibles responsabilidades nacidas del tratamiento. LEGITIMACI\u00d3N PARA EL TRATAMIENTO DE LOS DATOS El registro en www.joyeriapaquillo.com es libre y voluntario para el Usuario, por lo que la base legitimadora del tratamiento de sus datos personales es su consentimiento. ACEPTACION Y CONSENTIMIENTO El uso de la web le otorga la condici\u00f3n de usuario del mismo (en adelante, el \u201cUsuario\u201d), e implica la aceptaci\u00f3n plena y sin reservas de todas y cada una de las disposiciones incluidas en las condiciones sobre protecci\u00f3n de datos de car\u00e1cter personal, aceptando y consintiendo el tratamiento de los mismos por parte de www.joyeriapaquillo.com, en la forma y para las finalidades indicadas en la presente Pol\u00edtica de Protecci\u00f3n de Datos Personales, en la versi\u00f3n publicada por la \u201cweb\u201d, en el momento mismo en que el Usuario acceda a la misma. Como consecuencia, es deber del Usuario leer detenidamente el presente aviso legal cada vez que utilice la Web, debido a que esta puede sufrir modificaciones. En relaci\u00f3n con la oferta de servicios de la sociedad de la informaci\u00f3n directamente a un menor, el tratamiento de los datos personales ser\u00e1 l\u00edcito cuando sea mayor de 14 a\u00f1os en<\/p>","protected":false},"author":1,"featured_media":0,"parent":0,"menu_order":0,"comment_status":"closed","ping_status":"closed","template":"elementor_canvas","meta":{"_eb_attr":"","footnotes":""},"class_list":["post-1165","page","type-page","status-publish","hentry"],"_links":{"self":[{"href":"https:\/\/joyeriapaquillo.com\/en\/wp-json\/wp\/v2\/pages\/1165","targetHints":{"allow":["GET"]}}],"collection":[{"href":"https:\/\/joyeriapaquillo.com\/en\/wp-json\/wp\/v2\/pages"}],"about":[{"href":"https:\/\/joyeriapaquillo.com\/en\/wp-json\/wp\/v2\/types\/page"}],"author":[{"embeddable":true,"href":"https:\/\/joyeriapaquillo.com\/en\/wp-json\/wp\/v2\/users\/1"}],"replies":[{"embeddable":true,"href":"https:\/\/joyeriapaquillo.com\/en\/wp-json\/wp\/v2\/comments?post=1165"}],"version-history":[{"count":7,"href":"https:\/\/joyeriapaquillo.com\/en\/wp-json\/wp\/v2\/pages\/1165\/revisions"}],"predecessor-version":[{"id":1241,"href":"https:\/\/joyeriapaquillo.com\/en\/wp-json\/wp\/v2\/pages\/1165\/revisions\/1241"}],"wp:attachment":[{"href":"https:\/\/joyeriapaquillo.com\/en\/wp-json\/wp\/v2\/media?parent=1165"}],"curies":[{"name":"wp","href":"https:\/\/api.w.org\/{rel}","templated":true}]}}