{"id":1026,"date":"2025-09-01T09:57:57","date_gmt":"2025-09-01T09:57:57","guid":{"rendered":"https:\/\/joyeriapaquillo.com\/?page_id=1026"},"modified":"2025-09-02T15:13:35","modified_gmt":"2025-09-02T15:13:35","slug":"coleccion-de-joyas-catedral-de-palencia","status":"publish","type":"page","link":"https:\/\/joyeriapaquillo.com\/en\/coleccion-de-joyas-catedral-de-palencia\/","title":{"rendered":"Colecci\u00f3n de Joyas Catedral de Palencia"},"content":{"rendered":"<div data-elementor-type=\"wp-page\" data-elementor-id=\"1026\" class=\"elementor elementor-1026\">\n\t\t\t\t\t\t<section class=\"elementor-section elementor-top-section elementor-element elementor-element-657cdc2 elementor-section-full_width elementor-section-height-min-height elementor-section-height-default elementor-section-items-middle wpr-particle-no wpr-jarallax-no wpr-parallax-no wpr-sticky-section-no\" data-id=\"657cdc2\" data-element_type=\"section\" data-settings=\"{&quot;background_background&quot;:&quot;classic&quot;}\">\n\t\t\t\t\t\t\t<div class=\"elementor-background-overlay\"><\/div>\n\t\t\t\t\t\t\t<div class=\"elementor-container elementor-column-gap-no\">\n\t\t\t\t\t<div class=\"elementor-column elementor-col-100 elementor-top-column elementor-element elementor-element-c41a6b2\" data-id=\"c41a6b2\" data-element_type=\"column\">\n\t\t\t<div class=\"elementor-widget-wrap elementor-element-populated\">\n\t\t\t\t\t\t<div class=\"elementor-element elementor-element-ae38701 elementor-widget elementor-widget-heading\" data-id=\"ae38701\" data-element_type=\"widget\" data-widget_type=\"heading.default\">\n\t\t\t\t\t<h1 class=\"elementor-heading-title elementor-size-default\">Colecci\u00f3n de Joyas<br>VII Centenario\nCatedral de Palencia<\/h1>\t\t\t\t<\/div>\n\t\t\t\t\t<\/div>\n\t\t<\/div>\n\t\t\t\t\t<\/div>\n\t\t<\/section>\n\t\t<div class=\"elementor-element elementor-element-112122d e-flex e-con-boxed wpr-particle-no wpr-jarallax-no wpr-parallax-no wpr-sticky-section-no e-con e-parent\" data-id=\"112122d\" data-element_type=\"container\">\n\t\t\t\t\t<div class=\"e-con-inner\">\n\t\t<div class=\"elementor-element elementor-element-1898fda e-con-full e-flex wpr-particle-no wpr-jarallax-no wpr-parallax-no wpr-sticky-section-no e-con e-child\" data-id=\"1898fda\" data-element_type=\"container\">\n\t\t\t\t<div class=\"elementor-element elementor-element-17089f4 elementor-widget elementor-widget-heading\" data-id=\"17089f4\" data-element_type=\"widget\" data-widget_type=\"heading.default\">\n\t\t\t\t\t<h2 class=\"elementor-heading-title elementor-size-default\">Colecci\u00f3n de Joyas en plata<\/h2>\t\t\t\t<\/div>\n\t\t\t\t<div class=\"elementor-element elementor-element-3537277 elementor-widget elementor-widget-text-editor\" data-id=\"3537277\" data-element_type=\"widget\" data-widget_type=\"text-editor.default\">\n\t\t\t\t\t\t\t\t\tSe trata de una colecci\u00f3n basada en dos motivos que se pueden encontrar en el templo, por un lado el elemento cuatrilobulado que forma parte del logotipo de la efem\u00e9ride y que se puede encontrar en la capilla de la Virgen Blanca. El segundo elemento es el roset\u00f3n o vidriera ubicada en la parte occidental de la catedral.\t\t\t\t\t\t\t\t<\/div>\n\t\t\t\t<\/div>\n\t\t<div class=\"elementor-element elementor-element-02a3fc7 e-con-full e-flex wpr-particle-no wpr-jarallax-no wpr-parallax-no wpr-sticky-section-no e-con e-child\" data-id=\"02a3fc7\" data-element_type=\"container\">\n\t\t\t\t<div class=\"elementor-element elementor-element-c91c7c2 elementor-widget elementor-widget-image\" data-id=\"c91c7c2\" data-element_type=\"widget\" data-widget_type=\"image.default\">\n\t\t\t\t\t\t\t\t\t\t\t\t\t\t\t<img fetchpriority=\"high\" decoding=\"async\" width=\"630\" height=\"472\" src=\"https:\/\/joyeriapaquillo.com\/wp-content\/uploads\/2025\/09\/conmemorativo-catedral-de-palencia-joyas.jpg\" class=\"attachment-large size-large wp-image-1029\" alt=\"\" srcset=\"https:\/\/joyeriapaquillo.com\/wp-content\/uploads\/2025\/09\/conmemorativo-catedral-de-palencia-joyas.jpg 630w, https:\/\/joyeriapaquillo.com\/wp-content\/uploads\/2025\/09\/conmemorativo-catedral-de-palencia-joyas-300x225.jpg 300w\" sizes=\"(max-width: 630px) 100vw, 630px\" \/>\t\t\t\t\t\t\t\t\t\t\t\t\t\t\t<\/div>\n\t\t\t\t<\/div>\n\t\t\t\t\t<\/div>\n\t\t\t\t<\/div>\n\t\t<div class=\"elementor-element elementor-element-966f083 e-flex e-con-boxed wpr-particle-no wpr-jarallax-no wpr-parallax-no wpr-sticky-section-no e-con e-parent\" data-id=\"966f083\" data-element_type=\"container\">\n\t\t\t\t\t<div class=\"e-con-inner\">\n\t\t<div class=\"elementor-element elementor-element-bc1cb8b e-con-full e-flex wpr-particle-no wpr-jarallax-no wpr-parallax-no wpr-sticky-section-no e-con e-child\" data-id=\"bc1cb8b\" data-element_type=\"container\">\n\t\t\t\t<div class=\"elementor-element elementor-element-4223132 elementor-widget elementor-widget-image\" data-id=\"4223132\" data-element_type=\"widget\" data-widget_type=\"image.default\">\n\t\t\t\t\t\t\t\t\t\t\t\t\t\t\t<img decoding=\"async\" width=\"960\" height=\"720\" src=\"https:\/\/joyeriapaquillo.com\/wp-content\/uploads\/2025\/09\/colgante-catedral-de-palencia-1024x768.avif\" class=\"attachment-large size-large wp-image-1202\" alt=\"\" srcset=\"https:\/\/joyeriapaquillo.com\/wp-content\/uploads\/2025\/09\/colgante-catedral-de-palencia-1024x768.avif 1024w, https:\/\/joyeriapaquillo.com\/wp-content\/uploads\/2025\/09\/colgante-catedral-de-palencia-300x225.avif 300w, https:\/\/joyeriapaquillo.com\/wp-content\/uploads\/2025\/09\/colgante-catedral-de-palencia-768x576.avif 768w, https:\/\/joyeriapaquillo.com\/wp-content\/uploads\/2025\/09\/colgante-catedral-de-palencia-16x12.avif 16w, https:\/\/joyeriapaquillo.com\/wp-content\/uploads\/2025\/09\/colgante-catedral-de-palencia.avif 1200w\" sizes=\"(max-width: 960px) 100vw, 960px\" \/>\t\t\t\t\t\t\t\t\t\t\t\t\t\t\t<\/div>\n\t\t\t\t<\/div>\n\t\t<div class=\"elementor-element elementor-element-ad3dd4a e-con-full e-flex wpr-particle-no wpr-jarallax-no wpr-parallax-no wpr-sticky-section-no e-con e-child\" data-id=\"ad3dd4a\" data-element_type=\"container\">\n\t\t\t\t<div class=\"elementor-element elementor-element-e8f5c29 elementor-widget elementor-widget-heading\" data-id=\"e8f5c29\" data-element_type=\"widget\" data-widget_type=\"heading.default\">\n\t\t\t\t\t<h2 class=\"elementor-heading-title elementor-size-default\">Colgante y llavero <\/h2>\t\t\t\t<\/div>\n\t\t\t\t<div class=\"elementor-element elementor-element-bcca0a3 elementor-widget elementor-widget-heading\" data-id=\"bcca0a3\" data-element_type=\"widget\" data-widget_type=\"heading.default\">\n\t\t\t\t\t<span class=\"elementor-heading-title elementor-size-default\">de la colecci\u00f3n para el VII Centenario de la Catedral de Palencia<\/span>\t\t\t\t<\/div>\n\t\t\t\t<div class=\"elementor-element elementor-element-8f191af elementor-widget elementor-widget-text-editor\" data-id=\"8f191af\" data-element_type=\"widget\" data-widget_type=\"text-editor.default\">\n\t\t\t\t\t\t\t\t\tLa colecci\u00f3n se completa con un colgante y un llavero en metal, para favorecer las ventas y que todos puedan llevarse un recuerdo del centenario.\t\t\t\t\t\t\t\t<\/div>\n\t\t\t\t<\/div>\n\t\t\t\t\t<\/div>\n\t\t\t\t<\/div>\n\t\t\t\t<\/div>","protected":false},"excerpt":{"rendered":"<p>Colecci\u00f3n de JoyasVII Centenario Catedral de Palencia Colecci\u00f3n de Joyas en plata Se trata de una colecci\u00f3n basada en dos motivos que se pueden encontrar en el templo, por un lado el elemento cuatrilobulado que forma parte del logotipo de la efem\u00e9ride y que se puede encontrar en la capilla de la Virgen Blanca. El segundo elemento es el roset\u00f3n o vidriera ubicada en la parte occidental de la catedral. Colgante y llavero de la colecci\u00f3n para el VII Centenario de la Catedral de Palencia La colecci\u00f3n se completa con un colgante y un llavero en metal, para favorecer las ventas y que todos puedan llevarse un recuerdo del centenario.<\/p>","protected":false},"author":1,"featured_media":0,"parent":0,"menu_order":0,"comment_status":"closed","ping_status":"closed","template":"elementor_canvas","meta":{"_eb_attr":"","footnotes":""},"class_list":["post-1026","page","type-page","status-publish","hentry"],"_links":{"self":[{"href":"https:\/\/joyeriapaquillo.com\/en\/wp-json\/wp\/v2\/pages\/1026","targetHints":{"allow":["GET"]}}],"collection":[{"href":"https:\/\/joyeriapaquillo.com\/en\/wp-json\/wp\/v2\/pages"}],"about":[{"href":"https:\/\/joyeriapaquillo.com\/en\/wp-json\/wp\/v2\/types\/page"}],"author":[{"embeddable":true,"href":"https:\/\/joyeriapaquillo.com\/en\/wp-json\/wp\/v2\/users\/1"}],"replies":[{"embeddable":true,"href":"https:\/\/joyeriapaquillo.com\/en\/wp-json\/wp\/v2\/comments?post=1026"}],"version-history":[{"count":4,"href":"https:\/\/joyeriapaquillo.com\/en\/wp-json\/wp\/v2\/pages\/1026\/revisions"}],"predecessor-version":[{"id":1217,"href":"https:\/\/joyeriapaquillo.com\/en\/wp-json\/wp\/v2\/pages\/1026\/revisions\/1217"}],"wp:attachment":[{"href":"https:\/\/joyeriapaquillo.com\/en\/wp-json\/wp\/v2\/media?parent=1026"}],"curies":[{"name":"wp","href":"https:\/\/api.w.org\/{rel}","templated":true}]}}